{"id":5369,"date":"2018-04-02T16:27:45","date_gmt":"2018-04-02T16:27:45","guid":{"rendered":"https:\/\/angelina-aegina.gr\/home\/"},"modified":"2025-04-30T11:07:09","modified_gmt":"2025-04-30T08:07:09","slug":"home","status":"publish","type":"page","link":"https:\/\/angelina-aegina.gr\/fr\/","title":{"rendered":"Accueil"},"content":{"rendered":"<p>Un s\u00e9jour inoubliable attend les clients de l\u2019Angelina Escape, \u00e0 \u00c9gine. Les chambres se trouve au sud de l\u2019\u00eele, \u00e0 Perdika, un traditionnel village de p\u00eacheurs extr\u00eamement pittoresque. Toutes nos chambres offrent un grand confort et un \u00e9quipement qui r\u00e9pondra \u00e0 tous vos besoins durant votre s\u00e9jour. Les chambres propose un petit-d\u00e9jeuner grec et dispose d\u2019une piscine avec bar. Ses installations et services, qui sont d\u2019un haut niveau technologique, r\u00e9pondront \u00e0 vos attentes en mati\u00e8re de modernit\u00e9.<\/p>\n","protected":false},"excerpt":{"rendered":"<p>Un s\u00e9jour inoubliable attend les clients de l\u2019Angelina Escape, \u00e0 \u00c9gine. Les chambres se trouve au sud de l\u2019\u00eele, \u00e0 Perdika, un traditionnel village de p\u00eacheurs extr\u00eamement pittoresque. Toutes nos &#8230;<\/p>\n","protected":false},"author":3,"featured_media":0,"parent":0,"menu_order":0,"comment_status":"closed","ping_status":"closed","template":"","meta":{"footnotes":""},"class_list":["post-5369","page","type-page","status-publish","hentry"],"yoast_head":"<!-- This site is optimized with the Yoast SEO plugin v24.9 - https:\/\/yoast.com\/wordpress\/plugins\/seo\/ -->\n<title>Angelina Aegina Escape - Aegina - Aegina island<\/title>\n<meta name=\"description\" content=\"Angelina Aegina Escape offers luxury stay in Perdika Aegina,featuring modern rooms &amp; amenities,warm hospitality, a pool &amp; restaurant. Aegina\" \/>\n<meta name=\"robots\" content=\"index, follow, max-snippet:-1, max-image-preview:large, max-video-preview:-1\" \/>\n<link rel=\"canonical\" href=\"https:\/\/angelina-aegina.gr\/fr\/\" \/>\n<meta property=\"og:locale\" content=\"fr_FR\" \/>\n<meta property=\"og:type\" content=\"article\" \/>\n<meta property=\"og:title\" content=\"Angelina Aegina Escape - Aegina - Aegina island\" \/>\n<meta property=\"og:description\" content=\"Angelina Aegina Escape offers luxury stay in Perdika Aegina,featuring modern rooms &amp; amenities,warm hospitality, a pool &amp; restaurant. Aegina\" \/>\n<meta property=\"og:url\" content=\"https:\/\/angelina-aegina.gr\/fr\/\" \/>\n<meta property=\"og:site_name\" content=\"Angelina Your Boutique Escape | Aegina Island\" \/>\n<meta property=\"article:publisher\" content=\"https:\/\/www.facebook.com\/Aletro-Cottage-Houses-243669119442589\/\" \/>\n<meta property=\"article:modified_time\" content=\"2025-04-30T08:07:09+00:00\" \/>\n<meta name=\"twitter:card\" content=\"summary_large_image\" \/>\n<meta name=\"twitter:site\" content=\"@AletroInfo\" \/>\n<meta name=\"twitter:label1\" content=\"Dur\u00e9e de lecture estim\u00e9e\" \/>\n\t<meta name=\"twitter:data1\" content=\"1 minute\" \/>\n<script type=\"application\/ld+json\" class=\"yoast-schema-graph\">{\"@context\":\"https:\/\/schema.org\",\"@graph\":[{\"@type\":\"WebPage\",\"@id\":\"https:\/\/angelina-aegina.gr\/fr\/\",\"url\":\"https:\/\/angelina-aegina.gr\/fr\/\",\"name\":\"Angelina Aegina Escape - Aegina - Aegina island\",\"isPartOf\":{\"@id\":\"https:\/\/angelina-aegina.gr\/#website\"},\"datePublished\":\"2018-04-02T16:27:45+00:00\",\"dateModified\":\"2025-04-30T08:07:09+00:00\",\"description\":\"Angelina Aegina Escape offers luxury stay in Perdika Aegina,featuring modern rooms & amenities,warm hospitality, a pool & restaurant. Aegina\",\"breadcrumb\":{\"@id\":\"https:\/\/angelina-aegina.gr\/fr\/#breadcrumb\"},\"inLanguage\":\"fr-FR\",\"potentialAction\":[{\"@type\":\"ReadAction\",\"target\":[\"https:\/\/angelina-aegina.gr\/fr\/\"]}]},{\"@type\":\"BreadcrumbList\",\"@id\":\"https:\/\/angelina-aegina.gr\/fr\/#breadcrumb\",\"itemListElement\":[{\"@type\":\"ListItem\",\"position\":1,\"name\":\"Home\",\"item\":\"https:\/\/angelina-aegina.gr\/fr\/\"},{\"@type\":\"ListItem\",\"position\":2,\"name\":\"Accueil\"}]},{\"@type\":\"WebSite\",\"@id\":\"https:\/\/angelina-aegina.gr\/#website\",\"url\":\"https:\/\/angelina-aegina.gr\/\",\"name\":\"Angelina Your Boutique Escape | Aegina Island\",\"description\":\"Aegina Island | Greece\",\"potentialAction\":[{\"@type\":\"SearchAction\",\"target\":{\"@type\":\"EntryPoint\",\"urlTemplate\":\"https:\/\/angelina-aegina.gr\/?s={search_term_string}\"},\"query-input\":{\"@type\":\"PropertyValueSpecification\",\"valueRequired\":true,\"valueName\":\"search_term_string\"}}],\"inLanguage\":\"fr-FR\"}]}<\/script>\n<!-- \/ Yoast SEO plugin. -->","yoast_head_json":{"title":"Angelina Aegina Escape - Aegina - Aegina island","description":"Angelina Aegina Escape offers luxury stay in Perdika Aegina,featuring modern rooms & amenities,warm hospitality, a pool & restaurant. Aegina","robots":{"index":"index","follow":"follow","max-snippet":"max-snippet:-1","max-image-preview":"max-image-preview:large","max-video-preview":"max-video-preview:-1"},"canonical":"https:\/\/angelina-aegina.gr\/fr\/","og_locale":"fr_FR","og_type":"article","og_title":"Angelina Aegina Escape - Aegina - Aegina island","og_description":"Angelina Aegina Escape offers luxury stay in Perdika Aegina,featuring modern rooms & amenities,warm hospitality, a pool & restaurant. Aegina","og_url":"https:\/\/angelina-aegina.gr\/fr\/","og_site_name":"Angelina Your Boutique Escape | Aegina Island","article_publisher":"https:\/\/www.facebook.com\/Aletro-Cottage-Houses-243669119442589\/","article_modified_time":"2025-04-30T08:07:09+00:00","twitter_card":"summary_large_image","twitter_site":"@AletroInfo","twitter_misc":{"Dur\u00e9e de lecture estim\u00e9e":"1 minute"},"schema":{"@context":"https:\/\/schema.org","@graph":[{"@type":"WebPage","@id":"https:\/\/angelina-aegina.gr\/fr\/","url":"https:\/\/angelina-aegina.gr\/fr\/","name":"Angelina Aegina Escape - Aegina - Aegina island","isPartOf":{"@id":"https:\/\/angelina-aegina.gr\/#website"},"datePublished":"2018-04-02T16:27:45+00:00","dateModified":"2025-04-30T08:07:09+00:00","description":"Angelina Aegina Escape offers luxury stay in Perdika Aegina,featuring modern rooms & amenities,warm hospitality, a pool & restaurant. Aegina","breadcrumb":{"@id":"https:\/\/angelina-aegina.gr\/fr\/#breadcrumb"},"inLanguage":"fr-FR","potentialAction":[{"@type":"ReadAction","target":["https:\/\/angelina-aegina.gr\/fr\/"]}]},{"@type":"BreadcrumbList","@id":"https:\/\/angelina-aegina.gr\/fr\/#breadcrumb","itemListElement":[{"@type":"ListItem","position":1,"name":"Home","item":"https:\/\/angelina-aegina.gr\/fr\/"},{"@type":"ListItem","position":2,"name":"Accueil"}]},{"@type":"WebSite","@id":"https:\/\/angelina-aegina.gr\/#website","url":"https:\/\/angelina-aegina.gr\/","name":"Angelina Your Boutique Escape | Aegina Island","description":"Aegina Island | Greece","potentialAction":[{"@type":"SearchAction","target":{"@type":"EntryPoint","urlTemplate":"https:\/\/angelina-aegina.gr\/?s={search_term_string}"},"query-input":{"@type":"PropertyValueSpecification","valueRequired":true,"valueName":"search_term_string"}}],"inLanguage":"fr-FR"}]}},"_links":{"self":[{"href":"https:\/\/angelina-aegina.gr\/fr\/wp-json\/wp\/v2\/pages\/5369","targetHints":{"allow":["GET"]}}],"collection":[{"href":"https:\/\/angelina-aegina.gr\/fr\/wp-json\/wp\/v2\/pages"}],"about":[{"href":"https:\/\/angelina-aegina.gr\/fr\/wp-json\/wp\/v2\/types\/page"}],"author":[{"embeddable":true,"href":"https:\/\/angelina-aegina.gr\/fr\/wp-json\/wp\/v2\/users\/3"}],"replies":[{"embeddable":true,"href":"https:\/\/angelina-aegina.gr\/fr\/wp-json\/wp\/v2\/comments?post=5369"}],"version-history":[{"count":3,"href":"https:\/\/angelina-aegina.gr\/fr\/wp-json\/wp\/v2\/pages\/5369\/revisions"}],"predecessor-version":[{"id":7995,"href":"https:\/\/angelina-aegina.gr\/fr\/wp-json\/wp\/v2\/pages\/5369\/revisions\/7995"}],"wp:attachment":[{"href":"https:\/\/angelina-aegina.gr\/fr\/wp-json\/wp\/v2\/media?parent=5369"}],"curies":[{"name":"wp","href":"https:\/\/api.w.org\/{rel}","templated":true}]}}