{"id":5976,"date":"2018-04-27T21:42:07","date_gmt":"2018-04-27T18:42:07","guid":{"rendered":"https:\/\/angelina-aegina.gr\/contact\/"},"modified":"2026-04-16T10:32:59","modified_gmt":"2026-04-16T07:32:59","slug":"contact","status":"publish","type":"page","link":"https:\/\/angelina-aegina.gr\/fr\/contact\/","title":{"rendered":"Contactez nous"},"content":{"rendered":"<p>Quoi que vous ayez besoin, n\u2019h\u00e9sitez pas \u00e0 nous contacter. Nous serons enchant\u00e9s de vous faire des suggestions d\u2019activit\u00e9s, de loisirs et d\u2019excursions dans la r\u00e9gion.<\/p>\n<p>Comment se rendre \u00e0 l\u2019Angelina Aegina Escape?<\/p>\n<p>\u00c9gine est tr\u00e8s proche d\u2019Ath\u00e8nes, ce qui en fait une destination parfaite pour des courts voyages. Mais pour ceux qui souhaitent passer des vacances reposantes, c\u2019est \u00e0 juste titre le meilleur choix.<\/p>\n<p>Depuis le port du Pir\u00e9e, il y a chaque jour plusieurs d\u00e9parts de bateaux pour \u00c9gine que vous atteindrez en 30 ou 60 minutes selon le bteau que vous aurez pris.<\/p>\n<p>Une fois sur le port de l\u2019\u00eele, longez la route du littoral vers le sud, en direction de Marathon Bay. Perdika se trouve \u00e0 environ 9 km.<\/p>\n","protected":false},"excerpt":{"rendered":"<p>Quoi que vous ayez besoin, n\u2019h\u00e9sitez pas \u00e0 nous contacter. Nous serons enchant\u00e9s de vous faire des suggestions d\u2019activit\u00e9s, de loisirs et d\u2019excursions dans la r\u00e9gion. Comment se rendre \u00e0 &#8230;<\/p>\n","protected":false},"author":3,"featured_media":0,"parent":0,"menu_order":0,"comment_status":"closed","ping_status":"closed","template":"template-contact.php","meta":{"footnotes":""},"class_list":["post-5976","page","type-page","status-publish","hentry"],"yoast_head":"<!-- This site is optimized with the Yoast SEO plugin v24.9 - https:\/\/yoast.com\/wordpress\/plugins\/seo\/ -->\n<title>Contact - Angelina Escape - Aegina Perdika hotel<\/title>\n<meta name=\"description\" content=\"Aegina Perdika with modern rooms, pool &amp; restaurant. Book your stay at Angelina Escape &amp; experience a unique stay in Aegina island in Greece.\" \/>\n<meta name=\"robots\" content=\"index, follow, max-snippet:-1, max-image-preview:large, max-video-preview:-1\" \/>\n<link rel=\"canonical\" href=\"https:\/\/angelina-aegina.gr\/fr\/contact\/\" \/>\n<meta property=\"og:locale\" content=\"fr_FR\" \/>\n<meta property=\"og:type\" content=\"article\" \/>\n<meta property=\"og:title\" content=\"Contact - Angelina Escape - Aegina Perdika hotel\" \/>\n<meta property=\"og:description\" content=\"Aegina Perdika with modern rooms, pool &amp; restaurant. Book your stay at Angelina Escape &amp; experience a unique stay in Aegina island in Greece.\" \/>\n<meta property=\"og:url\" content=\"https:\/\/angelina-aegina.gr\/fr\/contact\/\" \/>\n<meta property=\"og:site_name\" content=\"Angelina Your Boutique Escape | Aegina Island\" \/>\n<meta property=\"article:publisher\" content=\"https:\/\/www.facebook.com\/Aletro-Cottage-Houses-243669119442589\/\" \/>\n<meta property=\"article:modified_time\" content=\"2026-04-16T07:32:59+00:00\" \/>\n<meta name=\"twitter:card\" content=\"summary_large_image\" \/>\n<meta name=\"twitter:site\" content=\"@AletroInfo\" \/>\n<meta name=\"twitter:label1\" content=\"Dur\u00e9e de lecture estim\u00e9e\" \/>\n\t<meta name=\"twitter:data1\" content=\"1 minute\" \/>\n<script type=\"application\/ld+json\" class=\"yoast-schema-graph\">{\"@context\":\"https:\/\/schema.org\",\"@graph\":[{\"@type\":\"WebPage\",\"@id\":\"https:\/\/angelina-aegina.gr\/fr\/contact\/\",\"url\":\"https:\/\/angelina-aegina.gr\/fr\/contact\/\",\"name\":\"Contact - Angelina Escape - Aegina Perdika hotel\",\"isPartOf\":{\"@id\":\"https:\/\/angelina-aegina.gr\/#website\"},\"datePublished\":\"2018-04-27T18:42:07+00:00\",\"dateModified\":\"2026-04-16T07:32:59+00:00\",\"description\":\"Aegina Perdika with modern rooms, pool & restaurant. Book your stay at Angelina Escape & experience a unique stay in Aegina island in Greece.\",\"breadcrumb\":{\"@id\":\"https:\/\/angelina-aegina.gr\/fr\/contact\/#breadcrumb\"},\"inLanguage\":\"fr-FR\",\"potentialAction\":[{\"@type\":\"ReadAction\",\"target\":[\"https:\/\/angelina-aegina.gr\/fr\/contact\/\"]}]},{\"@type\":\"BreadcrumbList\",\"@id\":\"https:\/\/angelina-aegina.gr\/fr\/contact\/#breadcrumb\",\"itemListElement\":[{\"@type\":\"ListItem\",\"position\":1,\"name\":\"Home\",\"item\":\"https:\/\/angelina-aegina.gr\/fr\/\"},{\"@type\":\"ListItem\",\"position\":2,\"name\":\"Contactez nous\"}]},{\"@type\":\"WebSite\",\"@id\":\"https:\/\/angelina-aegina.gr\/#website\",\"url\":\"https:\/\/angelina-aegina.gr\/\",\"name\":\"Angelina Your Boutique Escape | Aegina Island\",\"description\":\"Aegina Island | Greece\",\"potentialAction\":[{\"@type\":\"SearchAction\",\"target\":{\"@type\":\"EntryPoint\",\"urlTemplate\":\"https:\/\/angelina-aegina.gr\/?s={search_term_string}\"},\"query-input\":{\"@type\":\"PropertyValueSpecification\",\"valueRequired\":true,\"valueName\":\"search_term_string\"}}],\"inLanguage\":\"fr-FR\"}]}<\/script>\n<!-- \/ Yoast SEO plugin. -->","yoast_head_json":{"title":"Contact - Angelina Escape - Aegina Perdika hotel","description":"Aegina Perdika with modern rooms, pool & restaurant. Book your stay at Angelina Escape & experience a unique stay in Aegina island in Greece.","robots":{"index":"index","follow":"follow","max-snippet":"max-snippet:-1","max-image-preview":"max-image-preview:large","max-video-preview":"max-video-preview:-1"},"canonical":"https:\/\/angelina-aegina.gr\/fr\/contact\/","og_locale":"fr_FR","og_type":"article","og_title":"Contact - Angelina Escape - Aegina Perdika hotel","og_description":"Aegina Perdika with modern rooms, pool & restaurant. Book your stay at Angelina Escape & experience a unique stay in Aegina island in Greece.","og_url":"https:\/\/angelina-aegina.gr\/fr\/contact\/","og_site_name":"Angelina Your Boutique Escape | Aegina Island","article_publisher":"https:\/\/www.facebook.com\/Aletro-Cottage-Houses-243669119442589\/","article_modified_time":"2026-04-16T07:32:59+00:00","twitter_card":"summary_large_image","twitter_site":"@AletroInfo","twitter_misc":{"Dur\u00e9e de lecture estim\u00e9e":"1 minute"},"schema":{"@context":"https:\/\/schema.org","@graph":[{"@type":"WebPage","@id":"https:\/\/angelina-aegina.gr\/fr\/contact\/","url":"https:\/\/angelina-aegina.gr\/fr\/contact\/","name":"Contact - Angelina Escape - Aegina Perdika hotel","isPartOf":{"@id":"https:\/\/angelina-aegina.gr\/#website"},"datePublished":"2018-04-27T18:42:07+00:00","dateModified":"2026-04-16T07:32:59+00:00","description":"Aegina Perdika with modern rooms, pool & restaurant. Book your stay at Angelina Escape & experience a unique stay in Aegina island in Greece.","breadcrumb":{"@id":"https:\/\/angelina-aegina.gr\/fr\/contact\/#breadcrumb"},"inLanguage":"fr-FR","potentialAction":[{"@type":"ReadAction","target":["https:\/\/angelina-aegina.gr\/fr\/contact\/"]}]},{"@type":"BreadcrumbList","@id":"https:\/\/angelina-aegina.gr\/fr\/contact\/#breadcrumb","itemListElement":[{"@type":"ListItem","position":1,"name":"Home","item":"https:\/\/angelina-aegina.gr\/fr\/"},{"@type":"ListItem","position":2,"name":"Contactez nous"}]},{"@type":"WebSite","@id":"https:\/\/angelina-aegina.gr\/#website","url":"https:\/\/angelina-aegina.gr\/","name":"Angelina Your Boutique Escape | Aegina Island","description":"Aegina Island | Greece","potentialAction":[{"@type":"SearchAction","target":{"@type":"EntryPoint","urlTemplate":"https:\/\/angelina-aegina.gr\/?s={search_term_string}"},"query-input":{"@type":"PropertyValueSpecification","valueRequired":true,"valueName":"search_term_string"}}],"inLanguage":"fr-FR"}]}},"_links":{"self":[{"href":"https:\/\/angelina-aegina.gr\/fr\/wp-json\/wp\/v2\/pages\/5976","targetHints":{"allow":["GET"]}}],"collection":[{"href":"https:\/\/angelina-aegina.gr\/fr\/wp-json\/wp\/v2\/pages"}],"about":[{"href":"https:\/\/angelina-aegina.gr\/fr\/wp-json\/wp\/v2\/types\/page"}],"author":[{"embeddable":true,"href":"https:\/\/angelina-aegina.gr\/fr\/wp-json\/wp\/v2\/users\/3"}],"replies":[{"embeddable":true,"href":"https:\/\/angelina-aegina.gr\/fr\/wp-json\/wp\/v2\/comments?post=5976"}],"version-history":[{"count":3,"href":"https:\/\/angelina-aegina.gr\/fr\/wp-json\/wp\/v2\/pages\/5976\/revisions"}],"predecessor-version":[{"id":8000,"href":"https:\/\/angelina-aegina.gr\/fr\/wp-json\/wp\/v2\/pages\/5976\/revisions\/8000"}],"wp:attachment":[{"href":"https:\/\/angelina-aegina.gr\/fr\/wp-json\/wp\/v2\/media?parent=5976"}],"curies":[{"name":"wp","href":"https:\/\/api.w.org\/{rel}","templated":true}]}}