{"id":5984,"date":"2018-04-30T11:14:49","date_gmt":"2018-04-30T08:14:49","guid":{"rendered":"https:\/\/angelina-aegina.gr\/places-to-visit\/"},"modified":"2020-11-16T12:30:20","modified_gmt":"2020-11-16T10:30:20","slug":"visit-the-beaches-aegina","status":"publish","type":"page","link":"https:\/\/angelina-aegina.gr\/fr\/location\/visit-the-beaches-aegina\/","title":{"rendered":"Visitez les plages"},"content":{"rendered":"<p>\u00c9gine a toujours \u00e9t\u00e9 c\u00e9l\u00e8bre pour ses plages. Vous pourrez passer de l\u2019une \u00e0 l\u2019autre en \u00e9tant s\u00fbr de trouver toujours une eau d\u2019une clart\u00e9 exceptionnelle.<\/p>\n<p><strong>Agia Marina<\/strong><\/p>\n<p>Homologu\u00e9e \u00ab drapeau bleu \u00bb, Agia Marina est la plage la plus c\u00e9l\u00e8bre de l\u2019\u00eele, avec ses bars de plage et ceux du littoral qui servent de l\u2019ouzo. <\/p>\n<p><strong>Marathonas<\/strong><\/p>\n<p>Tr\u00e8s bien \u00e9quip\u00e9e, c\u2019est la plage id\u00e9ale pour les familles avec son sable fin et ses eaux peu profondes.<\/p>\n<p><strong>Aeginitissa<\/strong><\/p>\n<p>\u00c0 environ 6 km de la ville d\u2019\u00c9gine, log\u00e9e au creux d\u2019une baie bien prot\u00e9g\u00e9e et bord\u00e9e d\u2019eucalyptus, cette plage est fr\u00e9quent\u00e9e par un public jeune.<\/p>\n<p><strong>Klima<\/strong><\/p>\n<p>Calme et eau cristalline sont la marque de cette plage tr\u00e8s bien \u00e9quip\u00e9e.<\/p>\n<p><strong>Sarpas<\/strong><\/p>\n<p>Plage tr\u00e8s bien \u00e9quip\u00e9e et \u00e0 l\u2019eau turquoise, Sarpas est connue pour organiser les plus belles f\u00eates d\u2019\u00e9t\u00e9.<\/p>\n<p><strong>Mouriotis<\/strong><\/p>\n<p>Cette plage, nich\u00e9e dans une crique uniquement accessible par bateau, b\u00e9n\u00e9ficie d\u2019une eau d\u2019une grande puret\u00e9.<\/p>\n","protected":false},"excerpt":{"rendered":"<p>\u00c9gine a toujours \u00e9t\u00e9 c\u00e9l\u00e8bre pour ses plages. Vous pourrez passer de l\u2019une \u00e0 l\u2019autre en \u00e9tant s\u00fbr de trouver toujours une eau d\u2019une clart\u00e9 exceptionnelle. Agia Marina Homologu\u00e9e \u00ab &#8230;<\/p>\n","protected":false},"author":3,"featured_media":7258,"parent":5992,"menu_order":0,"comment_status":"closed","ping_status":"closed","template":"template-greek-breakfast.php","meta":{"footnotes":""},"class_list":["post-5984","page","type-page","status-publish","has-post-thumbnail","hentry"],"yoast_head":"<!-- This site is optimized with the Yoast SEO plugin v24.9 - https:\/\/yoast.com\/wordpress\/plugins\/seo\/ -->\n<title>Aegina beaches - Angelina Aegina Boutique Escape, Perdika<\/title>\n<meta name=\"description\" content=\"Discover the beautiful Aegina beaches. There are many options for every traveller. Find some of the best beaches in Aegina island in the Argosaronic gulf.\" \/>\n<meta name=\"robots\" content=\"index, follow, max-snippet:-1, max-image-preview:large, max-video-preview:-1\" \/>\n<link rel=\"canonical\" href=\"https:\/\/angelina-aegina.gr\/fr\/location\/visit-the-beaches-aegina\/\" \/>\n<meta property=\"og:locale\" content=\"fr_FR\" \/>\n<meta property=\"og:type\" content=\"article\" \/>\n<meta property=\"og:title\" content=\"Aegina beaches - Angelina Aegina Boutique Escape, Perdika\" \/>\n<meta property=\"og:description\" content=\"Discover the beautiful Aegina beaches. There are many options for every traveller. Find some of the best beaches in Aegina island in the Argosaronic gulf.\" \/>\n<meta property=\"og:url\" content=\"https:\/\/angelina-aegina.gr\/fr\/location\/visit-the-beaches-aegina\/\" \/>\n<meta property=\"og:site_name\" content=\"Angelina Your Boutique Escape | Aegina Island\" \/>\n<meta property=\"article:publisher\" content=\"https:\/\/www.facebook.com\/Aletro-Cottage-Houses-243669119442589\/\" \/>\n<meta property=\"article:modified_time\" content=\"2020-11-16T10:30:20+00:00\" \/>\n<meta property=\"og:image\" content=\"https:\/\/angelina-aegina.gr\/wp-content\/uploads\/2019\/07\/Untitled-1.jpg\" \/>\n\t<meta property=\"og:image:width\" content=\"1700\" \/>\n\t<meta property=\"og:image:height\" content=\"1133\" \/>\n\t<meta property=\"og:image:type\" content=\"image\/jpeg\" \/>\n<meta name=\"twitter:card\" content=\"summary_large_image\" \/>\n<meta name=\"twitter:site\" content=\"@AletroInfo\" \/>\n<meta name=\"twitter:label1\" content=\"Dur\u00e9e de lecture estim\u00e9e\" \/>\n\t<meta name=\"twitter:data1\" content=\"1 minute\" \/>\n<script type=\"application\/ld+json\" class=\"yoast-schema-graph\">{\"@context\":\"https:\/\/schema.org\",\"@graph\":[{\"@type\":\"WebPage\",\"@id\":\"https:\/\/angelina-aegina.gr\/fr\/location\/visit-the-beaches-aegina\/\",\"url\":\"https:\/\/angelina-aegina.gr\/fr\/location\/visit-the-beaches-aegina\/\",\"name\":\"Aegina beaches - Angelina Aegina Boutique Escape, Perdika\",\"isPartOf\":{\"@id\":\"https:\/\/angelina-aegina.gr\/#website\"},\"primaryImageOfPage\":{\"@id\":\"https:\/\/angelina-aegina.gr\/fr\/location\/visit-the-beaches-aegina\/#primaryimage\"},\"image\":{\"@id\":\"https:\/\/angelina-aegina.gr\/fr\/location\/visit-the-beaches-aegina\/#primaryimage\"},\"thumbnailUrl\":\"https:\/\/angelina-aegina.gr\/wp-content\/uploads\/2019\/07\/Untitled-1.jpg\",\"datePublished\":\"2018-04-30T08:14:49+00:00\",\"dateModified\":\"2020-11-16T10:30:20+00:00\",\"description\":\"Discover the beautiful Aegina beaches. There are many options for every traveller. Find some of the best beaches in Aegina island in the Argosaronic gulf.\",\"breadcrumb\":{\"@id\":\"https:\/\/angelina-aegina.gr\/fr\/location\/visit-the-beaches-aegina\/#breadcrumb\"},\"inLanguage\":\"fr-FR\",\"potentialAction\":[{\"@type\":\"ReadAction\",\"target\":[\"https:\/\/angelina-aegina.gr\/fr\/location\/visit-the-beaches-aegina\/\"]}]},{\"@type\":\"ImageObject\",\"inLanguage\":\"fr-FR\",\"@id\":\"https:\/\/angelina-aegina.gr\/fr\/location\/visit-the-beaches-aegina\/#primaryimage\",\"url\":\"https:\/\/angelina-aegina.gr\/wp-content\/uploads\/2019\/07\/Untitled-1.jpg\",\"contentUrl\":\"https:\/\/angelina-aegina.gr\/wp-content\/uploads\/2019\/07\/Untitled-1.jpg\",\"width\":1700,\"height\":1133,\"caption\":\"Angelina Rooms - \u0391\u03af\u03b3\u03b9\u03bd\u03b1\"},{\"@type\":\"BreadcrumbList\",\"@id\":\"https:\/\/angelina-aegina.gr\/fr\/location\/visit-the-beaches-aegina\/#breadcrumb\",\"itemListElement\":[{\"@type\":\"ListItem\",\"position\":1,\"name\":\"Home\",\"item\":\"https:\/\/angelina-aegina.gr\/fr\/\"},{\"@type\":\"ListItem\",\"position\":2,\"name\":\"\u00c9gine\",\"item\":\"https:\/\/angelina-aegina.gr\/fr\/location\/\"},{\"@type\":\"ListItem\",\"position\":3,\"name\":\"Visitez les plages\"}]},{\"@type\":\"WebSite\",\"@id\":\"https:\/\/angelina-aegina.gr\/#website\",\"url\":\"https:\/\/angelina-aegina.gr\/\",\"name\":\"Angelina Your Boutique Escape | Aegina Island\",\"description\":\"Aegina Island | Greece\",\"potentialAction\":[{\"@type\":\"SearchAction\",\"target\":{\"@type\":\"EntryPoint\",\"urlTemplate\":\"https:\/\/angelina-aegina.gr\/?s={search_term_string}\"},\"query-input\":{\"@type\":\"PropertyValueSpecification\",\"valueRequired\":true,\"valueName\":\"search_term_string\"}}],\"inLanguage\":\"fr-FR\"}]}<\/script>\n<!-- \/ Yoast SEO plugin. -->","yoast_head_json":{"title":"Aegina beaches - Angelina Aegina Boutique Escape, Perdika","description":"Discover the beautiful Aegina beaches. There are many options for every traveller. Find some of the best beaches in Aegina island in the Argosaronic gulf.","robots":{"index":"index","follow":"follow","max-snippet":"max-snippet:-1","max-image-preview":"max-image-preview:large","max-video-preview":"max-video-preview:-1"},"canonical":"https:\/\/angelina-aegina.gr\/fr\/location\/visit-the-beaches-aegina\/","og_locale":"fr_FR","og_type":"article","og_title":"Aegina beaches - Angelina Aegina Boutique Escape, Perdika","og_description":"Discover the beautiful Aegina beaches. There are many options for every traveller. Find some of the best beaches in Aegina island in the Argosaronic gulf.","og_url":"https:\/\/angelina-aegina.gr\/fr\/location\/visit-the-beaches-aegina\/","og_site_name":"Angelina Your Boutique Escape | Aegina Island","article_publisher":"https:\/\/www.facebook.com\/Aletro-Cottage-Houses-243669119442589\/","article_modified_time":"2020-11-16T10:30:20+00:00","og_image":[{"width":1700,"height":1133,"url":"https:\/\/angelina-aegina.gr\/wp-content\/uploads\/2019\/07\/Untitled-1.jpg","type":"image\/jpeg"}],"twitter_card":"summary_large_image","twitter_site":"@AletroInfo","twitter_misc":{"Dur\u00e9e de lecture estim\u00e9e":"1 minute"},"schema":{"@context":"https:\/\/schema.org","@graph":[{"@type":"WebPage","@id":"https:\/\/angelina-aegina.gr\/fr\/location\/visit-the-beaches-aegina\/","url":"https:\/\/angelina-aegina.gr\/fr\/location\/visit-the-beaches-aegina\/","name":"Aegina beaches - Angelina Aegina Boutique Escape, Perdika","isPartOf":{"@id":"https:\/\/angelina-aegina.gr\/#website"},"primaryImageOfPage":{"@id":"https:\/\/angelina-aegina.gr\/fr\/location\/visit-the-beaches-aegina\/#primaryimage"},"image":{"@id":"https:\/\/angelina-aegina.gr\/fr\/location\/visit-the-beaches-aegina\/#primaryimage"},"thumbnailUrl":"https:\/\/angelina-aegina.gr\/wp-content\/uploads\/2019\/07\/Untitled-1.jpg","datePublished":"2018-04-30T08:14:49+00:00","dateModified":"2020-11-16T10:30:20+00:00","description":"Discover the beautiful Aegina beaches. There are many options for every traveller. Find some of the best beaches in Aegina island in the Argosaronic gulf.","breadcrumb":{"@id":"https:\/\/angelina-aegina.gr\/fr\/location\/visit-the-beaches-aegina\/#breadcrumb"},"inLanguage":"fr-FR","potentialAction":[{"@type":"ReadAction","target":["https:\/\/angelina-aegina.gr\/fr\/location\/visit-the-beaches-aegina\/"]}]},{"@type":"ImageObject","inLanguage":"fr-FR","@id":"https:\/\/angelina-aegina.gr\/fr\/location\/visit-the-beaches-aegina\/#primaryimage","url":"https:\/\/angelina-aegina.gr\/wp-content\/uploads\/2019\/07\/Untitled-1.jpg","contentUrl":"https:\/\/angelina-aegina.gr\/wp-content\/uploads\/2019\/07\/Untitled-1.jpg","width":1700,"height":1133,"caption":"Angelina Rooms - \u0391\u03af\u03b3\u03b9\u03bd\u03b1"},{"@type":"BreadcrumbList","@id":"https:\/\/angelina-aegina.gr\/fr\/location\/visit-the-beaches-aegina\/#breadcrumb","itemListElement":[{"@type":"ListItem","position":1,"name":"Home","item":"https:\/\/angelina-aegina.gr\/fr\/"},{"@type":"ListItem","position":2,"name":"\u00c9gine","item":"https:\/\/angelina-aegina.gr\/fr\/location\/"},{"@type":"ListItem","position":3,"name":"Visitez les plages"}]},{"@type":"WebSite","@id":"https:\/\/angelina-aegina.gr\/#website","url":"https:\/\/angelina-aegina.gr\/","name":"Angelina Your Boutique Escape | Aegina Island","description":"Aegina Island | Greece","potentialAction":[{"@type":"SearchAction","target":{"@type":"EntryPoint","urlTemplate":"https:\/\/angelina-aegina.gr\/?s={search_term_string}"},"query-input":{"@type":"PropertyValueSpecification","valueRequired":true,"valueName":"search_term_string"}}],"inLanguage":"fr-FR"}]}},"_links":{"self":[{"href":"https:\/\/angelina-aegina.gr\/fr\/wp-json\/wp\/v2\/pages\/5984","targetHints":{"allow":["GET"]}}],"collection":[{"href":"https:\/\/angelina-aegina.gr\/fr\/wp-json\/wp\/v2\/pages"}],"about":[{"href":"https:\/\/angelina-aegina.gr\/fr\/wp-json\/wp\/v2\/types\/page"}],"author":[{"embeddable":true,"href":"https:\/\/angelina-aegina.gr\/fr\/wp-json\/wp\/v2\/users\/3"}],"replies":[{"embeddable":true,"href":"https:\/\/angelina-aegina.gr\/fr\/wp-json\/wp\/v2\/comments?post=5984"}],"version-history":[{"count":3,"href":"https:\/\/angelina-aegina.gr\/fr\/wp-json\/wp\/v2\/pages\/5984\/revisions"}],"predecessor-version":[{"id":7468,"href":"https:\/\/angelina-aegina.gr\/fr\/wp-json\/wp\/v2\/pages\/5984\/revisions\/7468"}],"up":[{"embeddable":true,"href":"https:\/\/angelina-aegina.gr\/fr\/wp-json\/wp\/v2\/pages\/5992"}],"wp:featuredmedia":[{"embeddable":true,"href":"https:\/\/angelina-aegina.gr\/fr\/wp-json\/wp\/v2\/media\/7258"}],"wp:attachment":[{"href":"https:\/\/angelina-aegina.gr\/fr\/wp-json\/wp\/v2\/media?parent=5984"}],"curies":[{"name":"wp","href":"https:\/\/api.w.org\/{rel}","templated":true}]}}