{"id":5988,"date":"2018-04-30T11:17:31","date_gmt":"2018-04-30T08:17:31","guid":{"rendered":"https:\/\/angelina-aegina.gr\/experience-the-beaches\/"},"modified":"2023-06-07T16:49:20","modified_gmt":"2023-06-07T13:49:20","slug":"for-nature-and-the-sea-lovers","status":"publish","type":"page","link":"https:\/\/angelina-aegina.gr\/fr\/location\/for-nature-and-the-sea-lovers\/","title":{"rendered":"Pour les amoureux de la nature et de la mer"},"content":{"rendered":"<p>\u00c9gine est une tr\u00e8s belle \u00eele aux plages surprenantes. Si vous souhaitez profiter de la nature dans ce qu\u2019elle offre de mieux, vous \u00eates au bon endroit.<\/p>\n<p><strong>Location de bateaux<\/strong><\/p>\n<p>\u00c0 tous ceux qui adorent la mer, nous conseillons de louer un bateau \u00e0 moteur pour aller p\u00eacher ou simplement se promener dans le golfe Saronique.<\/p>\n<p><strong>Plong\u00e9e<\/strong><\/p>\n<p>La partie rocheuse de la c\u00f4te d\u2019\u00c9gine se pr\u00eate \u00e0 la plong\u00e9e sous-marine et \u00e0 l\u2019exploration des fonds marins. Si vous aimez les sensations fortes, soyez pr\u00eat \u00e0 vivre une exp\u00e9rience sous-marine exceptionnelle. Vous trouverez toutes les informations n\u00e9cessaires dans l\u2019un des centres de plong\u00e9e d\u2019\u00c9gine.<\/p>\n<p><strong>Randonn\u00e9e<\/strong><\/p>\n<p>Gr\u00e2ce \u00e0 sa g\u00e9ologie, \u00c9gine se pr\u00eate \u00e0 la randonn\u00e9e. Vous serez surpris de d\u00e9couvrir des vall\u00e9es verdoyantes entre ses collines.<\/p>\n<p>L\u2019\u00eele compte de nombreux sentiers de randonn\u00e9e, longs, courts et de diff\u00e9rents niveaux.<\/p>\n","protected":false},"excerpt":{"rendered":"<p>\u00c9gine est une tr\u00e8s belle \u00eele aux plages surprenantes. Si vous souhaitez profiter de la nature dans ce qu\u2019elle offre de mieux, vous \u00eates au bon endroit. Location de bateaux &#8230;<\/p>\n","protected":false},"author":3,"featured_media":6698,"parent":5992,"menu_order":0,"comment_status":"closed","ping_status":"closed","template":"template-greek-breakfast.php","meta":{"footnotes":""},"class_list":["post-5988","page","type-page","status-publish","has-post-thumbnail","hentry"],"yoast_head":"<!-- This site is optimized with the Yoast SEO plugin v24.9 - https:\/\/yoast.com\/wordpress\/plugins\/seo\/ -->\n<title>For nature &amp; sea lovers - Angelina Aegina Escape<\/title>\n<meta name=\"description\" content=\"Aegina is a beautiful island with amazing beaches thus offering many water activities &amp; sports options. From hiking, diving &amp; Argosaronic boat trips.\" \/>\n<meta name=\"robots\" content=\"index, follow, max-snippet:-1, max-image-preview:large, max-video-preview:-1\" \/>\n<link rel=\"canonical\" href=\"https:\/\/angelina-aegina.gr\/location\/for-nature-and-the-sea-lovers\/\" \/>\n<meta property=\"og:locale\" content=\"fr_FR\" \/>\n<meta property=\"og:type\" content=\"article\" \/>\n<meta property=\"og:title\" content=\"For nature &amp; sea lovers - Angelina Aegina Escape\" \/>\n<meta property=\"og:description\" content=\"Aegina is a beautiful island with amazing beaches thus offering many water activities &amp; sports options. From hiking, diving &amp; Argosaronic boat trips.\" \/>\n<meta property=\"og:url\" content=\"https:\/\/angelina-aegina.gr\/location\/for-nature-and-the-sea-lovers\/\" \/>\n<meta property=\"og:site_name\" content=\"Angelina Your Boutique Escape | Aegina Island\" \/>\n<meta property=\"article:publisher\" content=\"https:\/\/www.facebook.com\/Aletro-Cottage-Houses-243669119442589\/\" \/>\n<meta property=\"article:modified_time\" content=\"2023-06-07T13:49:20+00:00\" \/>\n<meta property=\"og:image\" content=\"https:\/\/angelina-aegina.gr\/wp-content\/uploads\/2019\/05\/Perdika-Beach.jpg\" \/>\n\t<meta property=\"og:image:width\" content=\"1917\" \/>\n\t<meta property=\"og:image:height\" content=\"1080\" \/>\n\t<meta property=\"og:image:type\" content=\"image\/jpeg\" \/>\n<meta name=\"twitter:card\" content=\"summary_large_image\" \/>\n<meta name=\"twitter:site\" content=\"@AletroInfo\" \/>\n<meta name=\"twitter:label1\" content=\"Dur\u00e9e de lecture estim\u00e9e\" \/>\n\t<meta name=\"twitter:data1\" content=\"1 minute\" \/>\n<script type=\"application\/ld+json\" class=\"yoast-schema-graph\">{\"@context\":\"https:\/\/schema.org\",\"@graph\":[{\"@type\":\"WebPage\",\"@id\":\"https:\/\/angelina-aegina.gr\/location\/for-nature-and-the-sea-lovers\/\",\"url\":\"https:\/\/angelina-aegina.gr\/location\/for-nature-and-the-sea-lovers\/\",\"name\":\"For nature & sea lovers - Angelina Aegina Escape\",\"isPartOf\":{\"@id\":\"https:\/\/angelina-aegina.gr\/#website\"},\"primaryImageOfPage\":{\"@id\":\"https:\/\/angelina-aegina.gr\/location\/for-nature-and-the-sea-lovers\/#primaryimage\"},\"image\":{\"@id\":\"https:\/\/angelina-aegina.gr\/location\/for-nature-and-the-sea-lovers\/#primaryimage\"},\"thumbnailUrl\":\"https:\/\/angelina-aegina.gr\/wp-content\/uploads\/2019\/05\/Perdika-Beach.jpg\",\"datePublished\":\"2018-04-30T08:17:31+00:00\",\"dateModified\":\"2023-06-07T13:49:20+00:00\",\"description\":\"Aegina is a beautiful island with amazing beaches thus offering many water activities & sports options. From hiking, diving & Argosaronic boat trips.\",\"breadcrumb\":{\"@id\":\"https:\/\/angelina-aegina.gr\/location\/for-nature-and-the-sea-lovers\/#breadcrumb\"},\"inLanguage\":\"fr-FR\",\"potentialAction\":[{\"@type\":\"ReadAction\",\"target\":[\"https:\/\/angelina-aegina.gr\/location\/for-nature-and-the-sea-lovers\/\"]}]},{\"@type\":\"ImageObject\",\"inLanguage\":\"fr-FR\",\"@id\":\"https:\/\/angelina-aegina.gr\/location\/for-nature-and-the-sea-lovers\/#primaryimage\",\"url\":\"https:\/\/angelina-aegina.gr\/wp-content\/uploads\/2019\/05\/Perdika-Beach.jpg\",\"contentUrl\":\"https:\/\/angelina-aegina.gr\/wp-content\/uploads\/2019\/05\/Perdika-Beach.jpg\",\"width\":1917,\"height\":1080,\"caption\":\"Antzi Studios Aegina | Aegina\"},{\"@type\":\"BreadcrumbList\",\"@id\":\"https:\/\/angelina-aegina.gr\/location\/for-nature-and-the-sea-lovers\/#breadcrumb\",\"itemListElement\":[{\"@type\":\"ListItem\",\"position\":1,\"name\":\"Home\",\"item\":\"https:\/\/angelina-aegina.gr\/fr\/\"},{\"@type\":\"ListItem\",\"position\":2,\"name\":\"\u00c9gine\",\"item\":\"https:\/\/angelina-aegina.gr\/fr\/location\/\"},{\"@type\":\"ListItem\",\"position\":3,\"name\":\"Pour les amoureux de la nature et de la mer\"}]},{\"@type\":\"WebSite\",\"@id\":\"https:\/\/angelina-aegina.gr\/#website\",\"url\":\"https:\/\/angelina-aegina.gr\/\",\"name\":\"Angelina Your Boutique Escape | Aegina Island\",\"description\":\"Aegina Island | Greece\",\"potentialAction\":[{\"@type\":\"SearchAction\",\"target\":{\"@type\":\"EntryPoint\",\"urlTemplate\":\"https:\/\/angelina-aegina.gr\/?s={search_term_string}\"},\"query-input\":{\"@type\":\"PropertyValueSpecification\",\"valueRequired\":true,\"valueName\":\"search_term_string\"}}],\"inLanguage\":\"fr-FR\"}]}<\/script>\n<!-- \/ Yoast SEO plugin. -->","yoast_head_json":{"title":"For nature & sea lovers - Angelina Aegina Escape","description":"Aegina is a beautiful island with amazing beaches thus offering many water activities & sports options. From hiking, diving & Argosaronic boat trips.","robots":{"index":"index","follow":"follow","max-snippet":"max-snippet:-1","max-image-preview":"max-image-preview:large","max-video-preview":"max-video-preview:-1"},"canonical":"https:\/\/angelina-aegina.gr\/location\/for-nature-and-the-sea-lovers\/","og_locale":"fr_FR","og_type":"article","og_title":"For nature & sea lovers - Angelina Aegina Escape","og_description":"Aegina is a beautiful island with amazing beaches thus offering many water activities & sports options. From hiking, diving & Argosaronic boat trips.","og_url":"https:\/\/angelina-aegina.gr\/location\/for-nature-and-the-sea-lovers\/","og_site_name":"Angelina Your Boutique Escape | Aegina Island","article_publisher":"https:\/\/www.facebook.com\/Aletro-Cottage-Houses-243669119442589\/","article_modified_time":"2023-06-07T13:49:20+00:00","og_image":[{"width":1917,"height":1080,"url":"https:\/\/angelina-aegina.gr\/wp-content\/uploads\/2019\/05\/Perdika-Beach.jpg","type":"image\/jpeg"}],"twitter_card":"summary_large_image","twitter_site":"@AletroInfo","twitter_misc":{"Dur\u00e9e de lecture estim\u00e9e":"1 minute"},"schema":{"@context":"https:\/\/schema.org","@graph":[{"@type":"WebPage","@id":"https:\/\/angelina-aegina.gr\/location\/for-nature-and-the-sea-lovers\/","url":"https:\/\/angelina-aegina.gr\/location\/for-nature-and-the-sea-lovers\/","name":"For nature & sea lovers - Angelina Aegina Escape","isPartOf":{"@id":"https:\/\/angelina-aegina.gr\/#website"},"primaryImageOfPage":{"@id":"https:\/\/angelina-aegina.gr\/location\/for-nature-and-the-sea-lovers\/#primaryimage"},"image":{"@id":"https:\/\/angelina-aegina.gr\/location\/for-nature-and-the-sea-lovers\/#primaryimage"},"thumbnailUrl":"https:\/\/angelina-aegina.gr\/wp-content\/uploads\/2019\/05\/Perdika-Beach.jpg","datePublished":"2018-04-30T08:17:31+00:00","dateModified":"2023-06-07T13:49:20+00:00","description":"Aegina is a beautiful island with amazing beaches thus offering many water activities & sports options. From hiking, diving & Argosaronic boat trips.","breadcrumb":{"@id":"https:\/\/angelina-aegina.gr\/location\/for-nature-and-the-sea-lovers\/#breadcrumb"},"inLanguage":"fr-FR","potentialAction":[{"@type":"ReadAction","target":["https:\/\/angelina-aegina.gr\/location\/for-nature-and-the-sea-lovers\/"]}]},{"@type":"ImageObject","inLanguage":"fr-FR","@id":"https:\/\/angelina-aegina.gr\/location\/for-nature-and-the-sea-lovers\/#primaryimage","url":"https:\/\/angelina-aegina.gr\/wp-content\/uploads\/2019\/05\/Perdika-Beach.jpg","contentUrl":"https:\/\/angelina-aegina.gr\/wp-content\/uploads\/2019\/05\/Perdika-Beach.jpg","width":1917,"height":1080,"caption":"Antzi Studios Aegina | Aegina"},{"@type":"BreadcrumbList","@id":"https:\/\/angelina-aegina.gr\/location\/for-nature-and-the-sea-lovers\/#breadcrumb","itemListElement":[{"@type":"ListItem","position":1,"name":"Home","item":"https:\/\/angelina-aegina.gr\/fr\/"},{"@type":"ListItem","position":2,"name":"\u00c9gine","item":"https:\/\/angelina-aegina.gr\/fr\/location\/"},{"@type":"ListItem","position":3,"name":"Pour les amoureux de la nature et de la mer"}]},{"@type":"WebSite","@id":"https:\/\/angelina-aegina.gr\/#website","url":"https:\/\/angelina-aegina.gr\/","name":"Angelina Your Boutique Escape | Aegina Island","description":"Aegina Island | Greece","potentialAction":[{"@type":"SearchAction","target":{"@type":"EntryPoint","urlTemplate":"https:\/\/angelina-aegina.gr\/?s={search_term_string}"},"query-input":{"@type":"PropertyValueSpecification","valueRequired":true,"valueName":"search_term_string"}}],"inLanguage":"fr-FR"}]}},"_links":{"self":[{"href":"https:\/\/angelina-aegina.gr\/fr\/wp-json\/wp\/v2\/pages\/5988","targetHints":{"allow":["GET"]}}],"collection":[{"href":"https:\/\/angelina-aegina.gr\/fr\/wp-json\/wp\/v2\/pages"}],"about":[{"href":"https:\/\/angelina-aegina.gr\/fr\/wp-json\/wp\/v2\/types\/page"}],"author":[{"embeddable":true,"href":"https:\/\/angelina-aegina.gr\/fr\/wp-json\/wp\/v2\/users\/3"}],"replies":[{"embeddable":true,"href":"https:\/\/angelina-aegina.gr\/fr\/wp-json\/wp\/v2\/comments?post=5988"}],"version-history":[{"count":2,"href":"https:\/\/angelina-aegina.gr\/fr\/wp-json\/wp\/v2\/pages\/5988\/revisions"}],"predecessor-version":[{"id":7466,"href":"https:\/\/angelina-aegina.gr\/fr\/wp-json\/wp\/v2\/pages\/5988\/revisions\/7466"}],"up":[{"embeddable":true,"href":"https:\/\/angelina-aegina.gr\/fr\/wp-json\/wp\/v2\/pages\/5992"}],"wp:featuredmedia":[{"embeddable":true,"href":"https:\/\/angelina-aegina.gr\/fr\/wp-json\/wp\/v2\/media\/6698"}],"wp:attachment":[{"href":"https:\/\/angelina-aegina.gr\/fr\/wp-json\/wp\/v2\/media?parent=5988"}],"curies":[{"name":"wp","href":"https:\/\/api.w.org\/{rel}","templated":true}]}}