{"id":5992,"date":"2018-04-22T13:10:57","date_gmt":"2018-04-22T10:10:57","guid":{"rendered":"https:\/\/angelina-aegina.gr\/location\/"},"modified":"2023-06-07T16:47:44","modified_gmt":"2023-06-07T13:47:44","slug":"location","status":"publish","type":"page","link":"https:\/\/angelina-aegina.gr\/fr\/location\/","title":{"rendered":"\u00c9gine"},"content":{"rendered":"<p>\u00c9gine est la seconde plus grande \u00eele du golfe Saronique.<\/p>\n<p>Gr\u00e2ce \u00e0 ses 5 500 ans d\u2019histoire, l\u2019\u00eele compte beaucoup de monuments historiques. Elle fut aussi la premi\u00e8re capitale de la Gr\u00e8ce apr\u00e8s la r\u00e9volution de 1821.<\/p>\n<p>De nombreuses personnalit\u00e9s du monde de la culture et des arts y ont habit\u00e9, comme le po\u00e8te Odysseas Elytis, l\u2019\u00e9crivain Nikos Kazantzakis, ou le peintre Yannis Moralis.<\/p>\n<p>Du fait de sa proximit\u00e9 avec Ath\u00e8nes, \u00c9gine constitue un but de s\u00e9jour tout au long de l\u2019ann\u00e9e, m\u00eame pour une simple journ\u00e9e.<\/p>\n<p>Mais avec ses superbes plages, ses sites remarquables et toutes les activit\u00e9s qui peuvent y \u00eatre pratiqu\u00e9es, \u00c9gine m\u00e9rite largement d\u2019y s\u00e9journer plusieurs jours.<\/p>\n","protected":false},"excerpt":{"rendered":"<p>\u00c9gine est la seconde plus grande \u00eele du golfe Saronique. Gr\u00e2ce \u00e0 ses 5 500 ans d\u2019histoire, l\u2019\u00eele compte beaucoup de monuments historiques. Elle fut aussi la premi\u00e8re capitale de &#8230;<\/p>\n","protected":false},"author":3,"featured_media":6977,"parent":0,"menu_order":0,"comment_status":"closed","ping_status":"closed","template":"template-facilities.php","meta":{"footnotes":""},"class_list":["post-5992","page","type-page","status-publish","has-post-thumbnail","hentry"],"yoast_head":"<!-- This site is optimized with the Yoast SEO plugin v24.9 - https:\/\/yoast.com\/wordpress\/plugins\/seo\/ -->\n<title>Aegina Island - Angelina Aegina Escape - Discover Aegina<\/title>\n<meta name=\"description\" content=\"Aegina island is set in the Argosaronic Gulf &amp; is a popular greek island very close to Athens. An island with great history, many sights &amp; beautiful beaches\" \/>\n<meta name=\"robots\" content=\"index, follow, max-snippet:-1, max-image-preview:large, max-video-preview:-1\" \/>\n<link rel=\"canonical\" href=\"https:\/\/angelina-aegina.gr\/fr\/location\/\" \/>\n<meta property=\"og:locale\" content=\"fr_FR\" \/>\n<meta property=\"og:type\" content=\"article\" \/>\n<meta property=\"og:title\" content=\"Aegina Island - Angelina Aegina Escape - Discover Aegina\" \/>\n<meta property=\"og:description\" content=\"Aegina island is set in the Argosaronic Gulf &amp; is a popular greek island very close to Athens. An island with great history, many sights &amp; beautiful beaches\" \/>\n<meta property=\"og:url\" content=\"https:\/\/angelina-aegina.gr\/fr\/location\/\" \/>\n<meta property=\"og:site_name\" content=\"Angelina Your Boutique Escape | Aegina Island\" \/>\n<meta property=\"article:publisher\" content=\"https:\/\/www.facebook.com\/Aletro-Cottage-Houses-243669119442589\/\" \/>\n<meta property=\"article:modified_time\" content=\"2023-06-07T13:47:44+00:00\" \/>\n<meta property=\"og:image\" content=\"https:\/\/angelina-aegina.gr\/wp-content\/uploads\/2019\/06\/things-to-do-in-Aegina-31.jpg\" \/>\n\t<meta property=\"og:image:width\" content=\"1920\" \/>\n\t<meta property=\"og:image:height\" content=\"1232\" \/>\n\t<meta property=\"og:image:type\" content=\"image\/jpeg\" \/>\n<meta name=\"twitter:card\" content=\"summary_large_image\" \/>\n<meta name=\"twitter:site\" content=\"@AletroInfo\" \/>\n<meta name=\"twitter:label1\" content=\"Dur\u00e9e de lecture estim\u00e9e\" \/>\n\t<meta name=\"twitter:data1\" content=\"1 minute\" \/>\n<script type=\"application\/ld+json\" class=\"yoast-schema-graph\">{\"@context\":\"https:\/\/schema.org\",\"@graph\":[{\"@type\":\"WebPage\",\"@id\":\"https:\/\/angelina-aegina.gr\/fr\/location\/\",\"url\":\"https:\/\/angelina-aegina.gr\/fr\/location\/\",\"name\":\"Aegina Island - Angelina Aegina Escape - Discover Aegina\",\"isPartOf\":{\"@id\":\"https:\/\/angelina-aegina.gr\/#website\"},\"primaryImageOfPage\":{\"@id\":\"https:\/\/angelina-aegina.gr\/fr\/location\/#primaryimage\"},\"image\":{\"@id\":\"https:\/\/angelina-aegina.gr\/fr\/location\/#primaryimage\"},\"thumbnailUrl\":\"https:\/\/angelina-aegina.gr\/wp-content\/uploads\/2019\/06\/things-to-do-in-Aegina-31.jpg\",\"datePublished\":\"2018-04-22T10:10:57+00:00\",\"dateModified\":\"2023-06-07T13:47:44+00:00\",\"description\":\"Aegina island is set in the Argosaronic Gulf & is a popular greek island very close to Athens. An island with great history, many sights & beautiful beaches\",\"breadcrumb\":{\"@id\":\"https:\/\/angelina-aegina.gr\/fr\/location\/#breadcrumb\"},\"inLanguage\":\"fr-FR\",\"potentialAction\":[{\"@type\":\"ReadAction\",\"target\":[\"https:\/\/angelina-aegina.gr\/fr\/location\/\"]}]},{\"@type\":\"ImageObject\",\"inLanguage\":\"fr-FR\",\"@id\":\"https:\/\/angelina-aegina.gr\/fr\/location\/#primaryimage\",\"url\":\"https:\/\/angelina-aegina.gr\/wp-content\/uploads\/2019\/06\/things-to-do-in-Aegina-31.jpg\",\"contentUrl\":\"https:\/\/angelina-aegina.gr\/wp-content\/uploads\/2019\/06\/things-to-do-in-Aegina-31.jpg\",\"width\":1920,\"height\":1232,\"caption\":\"Angelina Rooms - \u0391\u03af\u03b3\u03b9\u03bd\u03b1\"},{\"@type\":\"BreadcrumbList\",\"@id\":\"https:\/\/angelina-aegina.gr\/fr\/location\/#breadcrumb\",\"itemListElement\":[{\"@type\":\"ListItem\",\"position\":1,\"name\":\"Home\",\"item\":\"https:\/\/angelina-aegina.gr\/fr\/\"},{\"@type\":\"ListItem\",\"position\":2,\"name\":\"\u00c9gine\"}]},{\"@type\":\"WebSite\",\"@id\":\"https:\/\/angelina-aegina.gr\/#website\",\"url\":\"https:\/\/angelina-aegina.gr\/\",\"name\":\"Angelina Your Boutique Escape | Aegina Island\",\"description\":\"Aegina Island | Greece\",\"potentialAction\":[{\"@type\":\"SearchAction\",\"target\":{\"@type\":\"EntryPoint\",\"urlTemplate\":\"https:\/\/angelina-aegina.gr\/?s={search_term_string}\"},\"query-input\":{\"@type\":\"PropertyValueSpecification\",\"valueRequired\":true,\"valueName\":\"search_term_string\"}}],\"inLanguage\":\"fr-FR\"}]}<\/script>\n<!-- \/ Yoast SEO plugin. -->","yoast_head_json":{"title":"Aegina Island - Angelina Aegina Escape - Discover Aegina","description":"Aegina island is set in the Argosaronic Gulf & is a popular greek island very close to Athens. An island with great history, many sights & beautiful beaches","robots":{"index":"index","follow":"follow","max-snippet":"max-snippet:-1","max-image-preview":"max-image-preview:large","max-video-preview":"max-video-preview:-1"},"canonical":"https:\/\/angelina-aegina.gr\/fr\/location\/","og_locale":"fr_FR","og_type":"article","og_title":"Aegina Island - Angelina Aegina Escape - Discover Aegina","og_description":"Aegina island is set in the Argosaronic Gulf & is a popular greek island very close to Athens. An island with great history, many sights & beautiful beaches","og_url":"https:\/\/angelina-aegina.gr\/fr\/location\/","og_site_name":"Angelina Your Boutique Escape | Aegina Island","article_publisher":"https:\/\/www.facebook.com\/Aletro-Cottage-Houses-243669119442589\/","article_modified_time":"2023-06-07T13:47:44+00:00","og_image":[{"width":1920,"height":1232,"url":"https:\/\/angelina-aegina.gr\/wp-content\/uploads\/2019\/06\/things-to-do-in-Aegina-31.jpg","type":"image\/jpeg"}],"twitter_card":"summary_large_image","twitter_site":"@AletroInfo","twitter_misc":{"Dur\u00e9e de lecture estim\u00e9e":"1 minute"},"schema":{"@context":"https:\/\/schema.org","@graph":[{"@type":"WebPage","@id":"https:\/\/angelina-aegina.gr\/fr\/location\/","url":"https:\/\/angelina-aegina.gr\/fr\/location\/","name":"Aegina Island - Angelina Aegina Escape - Discover Aegina","isPartOf":{"@id":"https:\/\/angelina-aegina.gr\/#website"},"primaryImageOfPage":{"@id":"https:\/\/angelina-aegina.gr\/fr\/location\/#primaryimage"},"image":{"@id":"https:\/\/angelina-aegina.gr\/fr\/location\/#primaryimage"},"thumbnailUrl":"https:\/\/angelina-aegina.gr\/wp-content\/uploads\/2019\/06\/things-to-do-in-Aegina-31.jpg","datePublished":"2018-04-22T10:10:57+00:00","dateModified":"2023-06-07T13:47:44+00:00","description":"Aegina island is set in the Argosaronic Gulf & is a popular greek island very close to Athens. An island with great history, many sights & beautiful beaches","breadcrumb":{"@id":"https:\/\/angelina-aegina.gr\/fr\/location\/#breadcrumb"},"inLanguage":"fr-FR","potentialAction":[{"@type":"ReadAction","target":["https:\/\/angelina-aegina.gr\/fr\/location\/"]}]},{"@type":"ImageObject","inLanguage":"fr-FR","@id":"https:\/\/angelina-aegina.gr\/fr\/location\/#primaryimage","url":"https:\/\/angelina-aegina.gr\/wp-content\/uploads\/2019\/06\/things-to-do-in-Aegina-31.jpg","contentUrl":"https:\/\/angelina-aegina.gr\/wp-content\/uploads\/2019\/06\/things-to-do-in-Aegina-31.jpg","width":1920,"height":1232,"caption":"Angelina Rooms - \u0391\u03af\u03b3\u03b9\u03bd\u03b1"},{"@type":"BreadcrumbList","@id":"https:\/\/angelina-aegina.gr\/fr\/location\/#breadcrumb","itemListElement":[{"@type":"ListItem","position":1,"name":"Home","item":"https:\/\/angelina-aegina.gr\/fr\/"},{"@type":"ListItem","position":2,"name":"\u00c9gine"}]},{"@type":"WebSite","@id":"https:\/\/angelina-aegina.gr\/#website","url":"https:\/\/angelina-aegina.gr\/","name":"Angelina Your Boutique Escape | Aegina Island","description":"Aegina Island | Greece","potentialAction":[{"@type":"SearchAction","target":{"@type":"EntryPoint","urlTemplate":"https:\/\/angelina-aegina.gr\/?s={search_term_string}"},"query-input":{"@type":"PropertyValueSpecification","valueRequired":true,"valueName":"search_term_string"}}],"inLanguage":"fr-FR"}]}},"_links":{"self":[{"href":"https:\/\/angelina-aegina.gr\/fr\/wp-json\/wp\/v2\/pages\/5992","targetHints":{"allow":["GET"]}}],"collection":[{"href":"https:\/\/angelina-aegina.gr\/fr\/wp-json\/wp\/v2\/pages"}],"about":[{"href":"https:\/\/angelina-aegina.gr\/fr\/wp-json\/wp\/v2\/types\/page"}],"author":[{"embeddable":true,"href":"https:\/\/angelina-aegina.gr\/fr\/wp-json\/wp\/v2\/users\/3"}],"replies":[{"embeddable":true,"href":"https:\/\/angelina-aegina.gr\/fr\/wp-json\/wp\/v2\/comments?post=5992"}],"version-history":[{"count":3,"href":"https:\/\/angelina-aegina.gr\/fr\/wp-json\/wp\/v2\/pages\/5992\/revisions"}],"predecessor-version":[{"id":7683,"href":"https:\/\/angelina-aegina.gr\/fr\/wp-json\/wp\/v2\/pages\/5992\/revisions\/7683"}],"wp:featuredmedia":[{"embeddable":true,"href":"https:\/\/angelina-aegina.gr\/fr\/wp-json\/wp\/v2\/media\/6977"}],"wp:attachment":[{"href":"https:\/\/angelina-aegina.gr\/fr\/wp-json\/wp\/v2\/media?parent=5992"}],"curies":[{"name":"wp","href":"https:\/\/api.w.org\/{rel}","templated":true}]}}