{"id":5994,"date":"2018-04-30T11:15:54","date_gmt":"2018-04-30T08:15:54","guid":{"rendered":"https:\/\/angelina-aegina.gr\/location\/explore-the-area\/"},"modified":"2023-06-07T16:52:58","modified_gmt":"2023-06-07T13:52:58","slug":"explore-perdika-aegina","status":"publish","type":"page","link":"https:\/\/angelina-aegina.gr\/fr\/location\/explore-perdika-aegina\/","title":{"rendered":"D\u00e9couvrez Perdika"},"content":{"rendered":"<p>Perdika est un pittoresque village de p\u00eacheurs situ\u00e9 \u00e0 9km du port d\u2019Egine\u2026 Id\u00e9al pour votre famille, vos amis et vos proches.<\/p>\n<p>Il vous offrira le calme que vous souhaitez pour passer vos vacances.<\/p>\n<p>Promenez-vous dans ses ruelles aux maisons blanches couvertes de fleurs et profitez de la vue magique qui s\u2019offre \u00e0 vous.<\/p>\n<p>Allez vous baigner et profiter du soleil sur les plages des alentours.<\/p>\n<p>Et si vous aimez la cuisine grecque, \u00c9gine est l\u2019\u00eele parfaite pour go\u00fbter \u00e0 toutes sortes de plats d\u00e9licieux \u00e0 base de produits locaux naturels et de poissons frais.<\/p>\n<p><strong>Les plages des environs<\/strong><\/p>\n<p>En plus de la plage du port de Perdika et des rochers de Glystra am\u00e9nag\u00e9s pour la baignade, vous trouverez beaucoup d\u2019autres plages pour vous baigner dans un rayon de 4 km autour du village, comme celles de Klima, Sarpa, Aeginitissa, Aegina Maris\u2026<\/p>\n<p><strong>L\u2019\u00eelot de Moni<\/strong><\/p>\n<p>Juste en face de Perdika, se trouve le splendide \u00eelot de Moni. Des bateaux-taxis vous y emm\u00e8neront en moins de 10 minutes.<br \/>\nMoni est inhabit\u00e9, mais sa flore et sa faune sauvage est riche : paons et ch\u00e8vres sauvages viendront vers vous pour chercher un peu de nourriture.<br \/>\nLes plages de Moni sont splendides et leur eau y est d\u2019un bleu clair.<\/p>\n<p>Moni dispose d\u2019une buvette du c\u00f4t\u00e9 de sa plage de sable, tandis que du c\u00f4t\u00e9 des rochers, la mer invite \u00e0 la p\u00eache sous-marine.<br \/>\nEn suivant le sentier qui monte jusqu\u2019au sommet de l\u2019\u00eelot, vous arriverez \u00e0 un poste de guet qui servait d\u2019observatoire pendant la Seconde Guerre mondiale.<br \/>\nMoni est en partie couvert de pins et propice \u00e0 la randonn\u00e9e comme \u00e0 l\u2019escalade et la natation.<\/p>\n","protected":false},"excerpt":{"rendered":"<p>Perdika est un pittoresque village de p\u00eacheurs situ\u00e9 \u00e0 9km du port d\u2019Egine\u2026 Id\u00e9al pour votre famille, vos amis et vos proches. Il vous offrira le calme que vous souhaitez &#8230;<\/p>\n","protected":false},"author":3,"featured_media":6686,"parent":5992,"menu_order":0,"comment_status":"closed","ping_status":"closed","template":"template-greek-breakfast.php","meta":{"footnotes":""},"class_list":["post-5994","page","type-page","status-publish","has-post-thumbnail","hentry"],"yoast_head":"<!-- This site is optimized with the Yoast SEO plugin v24.9 - https:\/\/yoast.com\/wordpress\/plugins\/seo\/ -->\n<title>Perdika Aegina - Angelina Aegina Escape - Aegina island<\/title>\n<meta name=\"description\" content=\"Perdika Aegina is a picturesque fishing village,9 km from the island&#039;s port. Ideal stay choice in Aegina for family &amp; friends, with beautiful nearby beaches\" \/>\n<meta name=\"robots\" content=\"index, follow, max-snippet:-1, max-image-preview:large, max-video-preview:-1\" \/>\n<link rel=\"canonical\" href=\"https:\/\/angelina-aegina.gr\/fr\/location\/explore-perdika-aegina\/\" \/>\n<meta property=\"og:locale\" content=\"fr_FR\" \/>\n<meta property=\"og:type\" content=\"article\" \/>\n<meta property=\"og:title\" content=\"Perdika Aegina - Angelina Aegina Escape - Aegina island\" \/>\n<meta property=\"og:description\" content=\"Perdika Aegina is a picturesque fishing village,9 km from the island&#039;s port. Ideal stay choice in Aegina for family &amp; friends, with beautiful nearby beaches\" \/>\n<meta property=\"og:url\" content=\"https:\/\/angelina-aegina.gr\/fr\/location\/explore-perdika-aegina\/\" \/>\n<meta property=\"og:site_name\" content=\"Angelina Your Boutique Escape | Aegina Island\" \/>\n<meta property=\"article:publisher\" content=\"https:\/\/www.facebook.com\/Aletro-Cottage-Houses-243669119442589\/\" \/>\n<meta property=\"article:modified_time\" content=\"2023-06-07T13:52:58+00:00\" \/>\n<meta property=\"og:image\" content=\"https:\/\/angelina-aegina.gr\/wp-content\/uploads\/2019\/05\/Aegina-island-1.jpg\" \/>\n\t<meta property=\"og:image:width\" content=\"1504\" \/>\n\t<meta property=\"og:image:height\" content=\"937\" \/>\n\t<meta property=\"og:image:type\" content=\"image\/jpeg\" \/>\n<meta name=\"twitter:card\" content=\"summary_large_image\" \/>\n<meta name=\"twitter:site\" content=\"@AletroInfo\" \/>\n<meta name=\"twitter:label1\" content=\"Dur\u00e9e de lecture estim\u00e9e\" \/>\n\t<meta name=\"twitter:data1\" content=\"1 minute\" \/>\n<script type=\"application\/ld+json\" class=\"yoast-schema-graph\">{\"@context\":\"https:\/\/schema.org\",\"@graph\":[{\"@type\":\"WebPage\",\"@id\":\"https:\/\/angelina-aegina.gr\/fr\/location\/explore-perdika-aegina\/\",\"url\":\"https:\/\/angelina-aegina.gr\/fr\/location\/explore-perdika-aegina\/\",\"name\":\"Perdika Aegina - Angelina Aegina Escape - Aegina island\",\"isPartOf\":{\"@id\":\"https:\/\/angelina-aegina.gr\/#website\"},\"primaryImageOfPage\":{\"@id\":\"https:\/\/angelina-aegina.gr\/fr\/location\/explore-perdika-aegina\/#primaryimage\"},\"image\":{\"@id\":\"https:\/\/angelina-aegina.gr\/fr\/location\/explore-perdika-aegina\/#primaryimage\"},\"thumbnailUrl\":\"https:\/\/angelina-aegina.gr\/wp-content\/uploads\/2019\/05\/Aegina-island-1.jpg\",\"datePublished\":\"2018-04-30T08:15:54+00:00\",\"dateModified\":\"2023-06-07T13:52:58+00:00\",\"description\":\"Perdika Aegina is a picturesque fishing village,9 km from the island's port. Ideal stay choice in Aegina for family & friends, with beautiful nearby beaches\",\"breadcrumb\":{\"@id\":\"https:\/\/angelina-aegina.gr\/fr\/location\/explore-perdika-aegina\/#breadcrumb\"},\"inLanguage\":\"fr-FR\",\"potentialAction\":[{\"@type\":\"ReadAction\",\"target\":[\"https:\/\/angelina-aegina.gr\/fr\/location\/explore-perdika-aegina\/\"]}]},{\"@type\":\"ImageObject\",\"inLanguage\":\"fr-FR\",\"@id\":\"https:\/\/angelina-aegina.gr\/fr\/location\/explore-perdika-aegina\/#primaryimage\",\"url\":\"https:\/\/angelina-aegina.gr\/wp-content\/uploads\/2019\/05\/Aegina-island-1.jpg\",\"contentUrl\":\"https:\/\/angelina-aegina.gr\/wp-content\/uploads\/2019\/05\/Aegina-island-1.jpg\",\"width\":1504,\"height\":937,\"caption\":\"Antzi Studios Aegina | Aegina\"},{\"@type\":\"BreadcrumbList\",\"@id\":\"https:\/\/angelina-aegina.gr\/fr\/location\/explore-perdika-aegina\/#breadcrumb\",\"itemListElement\":[{\"@type\":\"ListItem\",\"position\":1,\"name\":\"Home\",\"item\":\"https:\/\/angelina-aegina.gr\/fr\/\"},{\"@type\":\"ListItem\",\"position\":2,\"name\":\"\u00c9gine\",\"item\":\"https:\/\/angelina-aegina.gr\/fr\/location\/\"},{\"@type\":\"ListItem\",\"position\":3,\"name\":\"D\u00e9couvrez Perdika\"}]},{\"@type\":\"WebSite\",\"@id\":\"https:\/\/angelina-aegina.gr\/#website\",\"url\":\"https:\/\/angelina-aegina.gr\/\",\"name\":\"Angelina Your Boutique Escape | Aegina Island\",\"description\":\"Aegina Island | Greece\",\"potentialAction\":[{\"@type\":\"SearchAction\",\"target\":{\"@type\":\"EntryPoint\",\"urlTemplate\":\"https:\/\/angelina-aegina.gr\/?s={search_term_string}\"},\"query-input\":{\"@type\":\"PropertyValueSpecification\",\"valueRequired\":true,\"valueName\":\"search_term_string\"}}],\"inLanguage\":\"fr-FR\"}]}<\/script>\n<!-- \/ Yoast SEO plugin. -->","yoast_head_json":{"title":"Perdika Aegina - Angelina Aegina Escape - Aegina island","description":"Perdika Aegina is a picturesque fishing village,9 km from the island's port. Ideal stay choice in Aegina for family & friends, with beautiful nearby beaches","robots":{"index":"index","follow":"follow","max-snippet":"max-snippet:-1","max-image-preview":"max-image-preview:large","max-video-preview":"max-video-preview:-1"},"canonical":"https:\/\/angelina-aegina.gr\/fr\/location\/explore-perdika-aegina\/","og_locale":"fr_FR","og_type":"article","og_title":"Perdika Aegina - Angelina Aegina Escape - Aegina island","og_description":"Perdika Aegina is a picturesque fishing village,9 km from the island's port. Ideal stay choice in Aegina for family & friends, with beautiful nearby beaches","og_url":"https:\/\/angelina-aegina.gr\/fr\/location\/explore-perdika-aegina\/","og_site_name":"Angelina Your Boutique Escape | Aegina Island","article_publisher":"https:\/\/www.facebook.com\/Aletro-Cottage-Houses-243669119442589\/","article_modified_time":"2023-06-07T13:52:58+00:00","og_image":[{"width":1504,"height":937,"url":"https:\/\/angelina-aegina.gr\/wp-content\/uploads\/2019\/05\/Aegina-island-1.jpg","type":"image\/jpeg"}],"twitter_card":"summary_large_image","twitter_site":"@AletroInfo","twitter_misc":{"Dur\u00e9e de lecture estim\u00e9e":"1 minute"},"schema":{"@context":"https:\/\/schema.org","@graph":[{"@type":"WebPage","@id":"https:\/\/angelina-aegina.gr\/fr\/location\/explore-perdika-aegina\/","url":"https:\/\/angelina-aegina.gr\/fr\/location\/explore-perdika-aegina\/","name":"Perdika Aegina - Angelina Aegina Escape - Aegina island","isPartOf":{"@id":"https:\/\/angelina-aegina.gr\/#website"},"primaryImageOfPage":{"@id":"https:\/\/angelina-aegina.gr\/fr\/location\/explore-perdika-aegina\/#primaryimage"},"image":{"@id":"https:\/\/angelina-aegina.gr\/fr\/location\/explore-perdika-aegina\/#primaryimage"},"thumbnailUrl":"https:\/\/angelina-aegina.gr\/wp-content\/uploads\/2019\/05\/Aegina-island-1.jpg","datePublished":"2018-04-30T08:15:54+00:00","dateModified":"2023-06-07T13:52:58+00:00","description":"Perdika Aegina is a picturesque fishing village,9 km from the island's port. Ideal stay choice in Aegina for family & friends, with beautiful nearby beaches","breadcrumb":{"@id":"https:\/\/angelina-aegina.gr\/fr\/location\/explore-perdika-aegina\/#breadcrumb"},"inLanguage":"fr-FR","potentialAction":[{"@type":"ReadAction","target":["https:\/\/angelina-aegina.gr\/fr\/location\/explore-perdika-aegina\/"]}]},{"@type":"ImageObject","inLanguage":"fr-FR","@id":"https:\/\/angelina-aegina.gr\/fr\/location\/explore-perdika-aegina\/#primaryimage","url":"https:\/\/angelina-aegina.gr\/wp-content\/uploads\/2019\/05\/Aegina-island-1.jpg","contentUrl":"https:\/\/angelina-aegina.gr\/wp-content\/uploads\/2019\/05\/Aegina-island-1.jpg","width":1504,"height":937,"caption":"Antzi Studios Aegina | Aegina"},{"@type":"BreadcrumbList","@id":"https:\/\/angelina-aegina.gr\/fr\/location\/explore-perdika-aegina\/#breadcrumb","itemListElement":[{"@type":"ListItem","position":1,"name":"Home","item":"https:\/\/angelina-aegina.gr\/fr\/"},{"@type":"ListItem","position":2,"name":"\u00c9gine","item":"https:\/\/angelina-aegina.gr\/fr\/location\/"},{"@type":"ListItem","position":3,"name":"D\u00e9couvrez Perdika"}]},{"@type":"WebSite","@id":"https:\/\/angelina-aegina.gr\/#website","url":"https:\/\/angelina-aegina.gr\/","name":"Angelina Your Boutique Escape | Aegina Island","description":"Aegina Island | Greece","potentialAction":[{"@type":"SearchAction","target":{"@type":"EntryPoint","urlTemplate":"https:\/\/angelina-aegina.gr\/?s={search_term_string}"},"query-input":{"@type":"PropertyValueSpecification","valueRequired":true,"valueName":"search_term_string"}}],"inLanguage":"fr-FR"}]}},"_links":{"self":[{"href":"https:\/\/angelina-aegina.gr\/fr\/wp-json\/wp\/v2\/pages\/5994","targetHints":{"allow":["GET"]}}],"collection":[{"href":"https:\/\/angelina-aegina.gr\/fr\/wp-json\/wp\/v2\/pages"}],"about":[{"href":"https:\/\/angelina-aegina.gr\/fr\/wp-json\/wp\/v2\/types\/page"}],"author":[{"embeddable":true,"href":"https:\/\/angelina-aegina.gr\/fr\/wp-json\/wp\/v2\/users\/3"}],"replies":[{"embeddable":true,"href":"https:\/\/angelina-aegina.gr\/fr\/wp-json\/wp\/v2\/comments?post=5994"}],"version-history":[{"count":3,"href":"https:\/\/angelina-aegina.gr\/fr\/wp-json\/wp\/v2\/pages\/5994\/revisions"}],"predecessor-version":[{"id":7684,"href":"https:\/\/angelina-aegina.gr\/fr\/wp-json\/wp\/v2\/pages\/5994\/revisions\/7684"}],"up":[{"embeddable":true,"href":"https:\/\/angelina-aegina.gr\/fr\/wp-json\/wp\/v2\/pages\/5992"}],"wp:featuredmedia":[{"embeddable":true,"href":"https:\/\/angelina-aegina.gr\/fr\/wp-json\/wp\/v2\/media\/6686"}],"wp:attachment":[{"href":"https:\/\/angelina-aegina.gr\/fr\/wp-json\/wp\/v2\/media?parent=5994"}],"curies":[{"name":"wp","href":"https:\/\/api.w.org\/{rel}","templated":true}]}}