{"id":6010,"date":"2018-04-22T00:10:47","date_gmt":"2018-04-21T21:10:47","guid":{"rendered":"https:\/\/angelina-aegina.gr\/facilities\/"},"modified":"2025-04-28T13:57:55","modified_gmt":"2025-04-28T10:57:55","slug":"facilities","status":"publish","type":"page","link":"https:\/\/angelina-aegina.gr\/fr\/facilities\/","title":{"rendered":"\u00c9quipements et services"},"content":{"rendered":"<p>Les chambres Angelina offre des services personnalis\u00e9s haut de gamme pour r\u00e9pondre pleinement \u00e0 tous les besoins et d\u00e9sirs de nos clients.<br \/>\nNos clients sont invit\u00e9s \u00e0 d\u00e9couvrir les beaut\u00e9s de l\u2019\u00eele en louant une voiture ou un bateau pour aller se baigner sur les plages sauvages d\u2019\u00c9gine et visiter les \u00eeles environnantes.<br \/>\nVisites guid\u00e9es et transferts sont aussi organisables \u00e0 l\u2019intention des voyageurs qui souhaiteraient effectuer des excursions \u00e0 la journ\u00e9e vers les plages et sites d\u2019\u00c9gine.<br \/>\nNous assurons \u00e0 nos clients un s\u00e9jour agr\u00e9able et reposant, quel que soit leur \u00e2ge.<\/p>\n","protected":false},"excerpt":{"rendered":"<p>Les chambres Angelina offre des services personnalis\u00e9s haut de gamme pour r\u00e9pondre pleinement \u00e0 tous les besoins et d\u00e9sirs de nos clients. Nos clients sont invit\u00e9s \u00e0 d\u00e9couvrir les beaut\u00e9s &#8230;<\/p>\n","protected":false},"author":3,"featured_media":6445,"parent":0,"menu_order":0,"comment_status":"closed","ping_status":"closed","template":"template-facilities.php","meta":{"footnotes":""},"class_list":["post-6010","page","type-page","status-publish","has-post-thumbnail","hentry"],"yoast_head":"<!-- This site is optimized with the Yoast SEO plugin v24.9 - https:\/\/yoast.com\/wordpress\/plugins\/seo\/ -->\n<title>\u00c9quipements et services - Angelina Your Boutique Escape | Aegina Island<\/title>\n<meta name=\"robots\" content=\"index, follow, max-snippet:-1, max-image-preview:large, max-video-preview:-1\" \/>\n<link rel=\"canonical\" href=\"https:\/\/angelina-aegina.gr\/fr\/facilities\/\" \/>\n<meta property=\"og:locale\" content=\"fr_FR\" \/>\n<meta property=\"og:type\" content=\"article\" \/>\n<meta property=\"og:title\" content=\"\u00c9quipements et services - Angelina Your Boutique Escape | Aegina Island\" \/>\n<meta property=\"og:description\" content=\"Les chambres Angelina offre des services personnalis\u00e9s haut de gamme pour r\u00e9pondre pleinement \u00e0 tous les besoins et d\u00e9sirs de nos clients. Nos clients sont invit\u00e9s \u00e0 d\u00e9couvrir les beaut\u00e9s ...\" \/>\n<meta property=\"og:url\" content=\"https:\/\/angelina-aegina.gr\/fr\/facilities\/\" \/>\n<meta property=\"og:site_name\" content=\"Angelina Your Boutique Escape | Aegina Island\" \/>\n<meta property=\"article:publisher\" content=\"https:\/\/www.facebook.com\/Aletro-Cottage-Houses-243669119442589\/\" \/>\n<meta property=\"article:modified_time\" content=\"2025-04-28T10:57:55+00:00\" \/>\n<meta property=\"og:image\" content=\"https:\/\/angelina-aegina.gr\/wp-content\/uploads\/2019\/05\/drz-antzi-studios_Q1A8192-Copy-1.jpg\" \/>\n\t<meta property=\"og:image:width\" content=\"1600\" \/>\n\t<meta property=\"og:image:height\" content=\"1067\" \/>\n\t<meta property=\"og:image:type\" content=\"image\/jpeg\" \/>\n<meta name=\"twitter:card\" content=\"summary_large_image\" \/>\n<meta name=\"twitter:site\" content=\"@AletroInfo\" \/>\n<meta name=\"twitter:label1\" content=\"Dur\u00e9e de lecture estim\u00e9e\" \/>\n\t<meta name=\"twitter:data1\" content=\"1 minute\" \/>\n<script type=\"application\/ld+json\" class=\"yoast-schema-graph\">{\"@context\":\"https:\/\/schema.org\",\"@graph\":[{\"@type\":\"WebPage\",\"@id\":\"https:\/\/angelina-aegina.gr\/fr\/facilities\/\",\"url\":\"https:\/\/angelina-aegina.gr\/fr\/facilities\/\",\"name\":\"\u00c9quipements et services - Angelina Your Boutique Escape | Aegina Island\",\"isPartOf\":{\"@id\":\"https:\/\/angelina-aegina.gr\/#website\"},\"primaryImageOfPage\":{\"@id\":\"https:\/\/angelina-aegina.gr\/fr\/facilities\/#primaryimage\"},\"image\":{\"@id\":\"https:\/\/angelina-aegina.gr\/fr\/facilities\/#primaryimage\"},\"thumbnailUrl\":\"https:\/\/angelina-aegina.gr\/wp-content\/uploads\/2019\/05\/drz-antzi-studios_Q1A8192-Copy-1.jpg\",\"datePublished\":\"2018-04-21T21:10:47+00:00\",\"dateModified\":\"2025-04-28T10:57:55+00:00\",\"breadcrumb\":{\"@id\":\"https:\/\/angelina-aegina.gr\/fr\/facilities\/#breadcrumb\"},\"inLanguage\":\"fr-FR\",\"potentialAction\":[{\"@type\":\"ReadAction\",\"target\":[\"https:\/\/angelina-aegina.gr\/fr\/facilities\/\"]}]},{\"@type\":\"ImageObject\",\"inLanguage\":\"fr-FR\",\"@id\":\"https:\/\/angelina-aegina.gr\/fr\/facilities\/#primaryimage\",\"url\":\"https:\/\/angelina-aegina.gr\/wp-content\/uploads\/2019\/05\/drz-antzi-studios_Q1A8192-Copy-1.jpg\",\"contentUrl\":\"https:\/\/angelina-aegina.gr\/wp-content\/uploads\/2019\/05\/drz-antzi-studios_Q1A8192-Copy-1.jpg\",\"width\":1600,\"height\":1067,\"caption\":\"Antzi Studios Aegina | Aegina\"},{\"@type\":\"BreadcrumbList\",\"@id\":\"https:\/\/angelina-aegina.gr\/fr\/facilities\/#breadcrumb\",\"itemListElement\":[{\"@type\":\"ListItem\",\"position\":1,\"name\":\"Home\",\"item\":\"https:\/\/angelina-aegina.gr\/fr\/\"},{\"@type\":\"ListItem\",\"position\":2,\"name\":\"\u00c9quipements et services\"}]},{\"@type\":\"WebSite\",\"@id\":\"https:\/\/angelina-aegina.gr\/#website\",\"url\":\"https:\/\/angelina-aegina.gr\/\",\"name\":\"Angelina Your Boutique Escape | Aegina Island\",\"description\":\"Aegina Island | Greece\",\"potentialAction\":[{\"@type\":\"SearchAction\",\"target\":{\"@type\":\"EntryPoint\",\"urlTemplate\":\"https:\/\/angelina-aegina.gr\/?s={search_term_string}\"},\"query-input\":{\"@type\":\"PropertyValueSpecification\",\"valueRequired\":true,\"valueName\":\"search_term_string\"}}],\"inLanguage\":\"fr-FR\"}]}<\/script>\n<!-- \/ Yoast SEO plugin. -->","yoast_head_json":{"title":"\u00c9quipements et services - Angelina Your Boutique Escape | Aegina Island","robots":{"index":"index","follow":"follow","max-snippet":"max-snippet:-1","max-image-preview":"max-image-preview:large","max-video-preview":"max-video-preview:-1"},"canonical":"https:\/\/angelina-aegina.gr\/fr\/facilities\/","og_locale":"fr_FR","og_type":"article","og_title":"\u00c9quipements et services - Angelina Your Boutique Escape | Aegina Island","og_description":"Les chambres Angelina offre des services personnalis\u00e9s haut de gamme pour r\u00e9pondre pleinement \u00e0 tous les besoins et d\u00e9sirs de nos clients. Nos clients sont invit\u00e9s \u00e0 d\u00e9couvrir les beaut\u00e9s ...","og_url":"https:\/\/angelina-aegina.gr\/fr\/facilities\/","og_site_name":"Angelina Your Boutique Escape | Aegina Island","article_publisher":"https:\/\/www.facebook.com\/Aletro-Cottage-Houses-243669119442589\/","article_modified_time":"2025-04-28T10:57:55+00:00","og_image":[{"width":1600,"height":1067,"url":"https:\/\/angelina-aegina.gr\/wp-content\/uploads\/2019\/05\/drz-antzi-studios_Q1A8192-Copy-1.jpg","type":"image\/jpeg"}],"twitter_card":"summary_large_image","twitter_site":"@AletroInfo","twitter_misc":{"Dur\u00e9e de lecture estim\u00e9e":"1 minute"},"schema":{"@context":"https:\/\/schema.org","@graph":[{"@type":"WebPage","@id":"https:\/\/angelina-aegina.gr\/fr\/facilities\/","url":"https:\/\/angelina-aegina.gr\/fr\/facilities\/","name":"\u00c9quipements et services - Angelina Your Boutique Escape | Aegina Island","isPartOf":{"@id":"https:\/\/angelina-aegina.gr\/#website"},"primaryImageOfPage":{"@id":"https:\/\/angelina-aegina.gr\/fr\/facilities\/#primaryimage"},"image":{"@id":"https:\/\/angelina-aegina.gr\/fr\/facilities\/#primaryimage"},"thumbnailUrl":"https:\/\/angelina-aegina.gr\/wp-content\/uploads\/2019\/05\/drz-antzi-studios_Q1A8192-Copy-1.jpg","datePublished":"2018-04-21T21:10:47+00:00","dateModified":"2025-04-28T10:57:55+00:00","breadcrumb":{"@id":"https:\/\/angelina-aegina.gr\/fr\/facilities\/#breadcrumb"},"inLanguage":"fr-FR","potentialAction":[{"@type":"ReadAction","target":["https:\/\/angelina-aegina.gr\/fr\/facilities\/"]}]},{"@type":"ImageObject","inLanguage":"fr-FR","@id":"https:\/\/angelina-aegina.gr\/fr\/facilities\/#primaryimage","url":"https:\/\/angelina-aegina.gr\/wp-content\/uploads\/2019\/05\/drz-antzi-studios_Q1A8192-Copy-1.jpg","contentUrl":"https:\/\/angelina-aegina.gr\/wp-content\/uploads\/2019\/05\/drz-antzi-studios_Q1A8192-Copy-1.jpg","width":1600,"height":1067,"caption":"Antzi Studios Aegina | Aegina"},{"@type":"BreadcrumbList","@id":"https:\/\/angelina-aegina.gr\/fr\/facilities\/#breadcrumb","itemListElement":[{"@type":"ListItem","position":1,"name":"Home","item":"https:\/\/angelina-aegina.gr\/fr\/"},{"@type":"ListItem","position":2,"name":"\u00c9quipements et services"}]},{"@type":"WebSite","@id":"https:\/\/angelina-aegina.gr\/#website","url":"https:\/\/angelina-aegina.gr\/","name":"Angelina Your Boutique Escape | Aegina Island","description":"Aegina Island | Greece","potentialAction":[{"@type":"SearchAction","target":{"@type":"EntryPoint","urlTemplate":"https:\/\/angelina-aegina.gr\/?s={search_term_string}"},"query-input":{"@type":"PropertyValueSpecification","valueRequired":true,"valueName":"search_term_string"}}],"inLanguage":"fr-FR"}]}},"_links":{"self":[{"href":"https:\/\/angelina-aegina.gr\/fr\/wp-json\/wp\/v2\/pages\/6010","targetHints":{"allow":["GET"]}}],"collection":[{"href":"https:\/\/angelina-aegina.gr\/fr\/wp-json\/wp\/v2\/pages"}],"about":[{"href":"https:\/\/angelina-aegina.gr\/fr\/wp-json\/wp\/v2\/types\/page"}],"author":[{"embeddable":true,"href":"https:\/\/angelina-aegina.gr\/fr\/wp-json\/wp\/v2\/users\/3"}],"replies":[{"embeddable":true,"href":"https:\/\/angelina-aegina.gr\/fr\/wp-json\/wp\/v2\/comments?post=6010"}],"version-history":[{"count":3,"href":"https:\/\/angelina-aegina.gr\/fr\/wp-json\/wp\/v2\/pages\/6010\/revisions"}],"predecessor-version":[{"id":7784,"href":"https:\/\/angelina-aegina.gr\/fr\/wp-json\/wp\/v2\/pages\/6010\/revisions\/7784"}],"wp:featuredmedia":[{"embeddable":true,"href":"https:\/\/angelina-aegina.gr\/fr\/wp-json\/wp\/v2\/media\/6445"}],"wp:attachment":[{"href":"https:\/\/angelina-aegina.gr\/fr\/wp-json\/wp\/v2\/media?parent=6010"}],"curies":[{"name":"wp","href":"https:\/\/api.w.org\/{rel}","templated":true}]}}