{"id":6028,"date":"2018-04-21T23:54:18","date_gmt":"2018-04-21T20:54:18","guid":{"rendered":"https:\/\/angelina-aegina.gr\/eat-drink\/"},"modified":"2023-06-07T17:31:58","modified_gmt":"2023-06-07T14:31:58","slug":"eat-drink","status":"publish","type":"page","link":"https:\/\/angelina-aegina.gr\/fr\/eat-drink\/","title":{"rendered":"Gastronomie"},"content":{"rendered":"<p>Commencez votre journ\u00e9e du bon pied en prenant un d\u00e9licieux petit d\u00e9jeuner au buffet de Les chambres.<\/p>\n<p>Des collations l\u00e9g\u00e8res et des cocktails frais sont aussi disponibles au bar de la piscine.<\/p>\n<p>Et si vous aimez les fruits de mer, nous avons le restaurant parfait pour vous : Nonta\u2019s Fish Tavern sert le meilleur poisson d\u2019\u00c9gine.<\/p>\n<p>Nos plats sont pr\u00e9par\u00e9s avec les meilleurs ingr\u00e9dients locaux et satisferont les palais les plus exigeants.<\/p>\n<p>Nous ferons tout pour r\u00e9pondre \u00e0 tous vos go\u00fbts, quels qu\u2019ils soient.<\/p>\n","protected":false},"excerpt":{"rendered":"<p>Commencez votre journ\u00e9e du bon pied en prenant un d\u00e9licieux petit d\u00e9jeuner au buffet de Les chambres. Des collations l\u00e9g\u00e8res et des cocktails frais sont aussi disponibles au bar de &#8230;<\/p>\n","protected":false},"author":3,"featured_media":6641,"parent":0,"menu_order":0,"comment_status":"closed","ping_status":"closed","template":"template-page-blocks.php","meta":{"footnotes":""},"class_list":["post-6028","page","type-page","status-publish","has-post-thumbnail","hentry"],"yoast_head":"<!-- This site is optimized with the Yoast SEO plugin v24.9 - https:\/\/yoast.com\/wordpress\/plugins\/seo\/ -->\n<title>Flavors - Gastronomy of Aegina island Greece - Food in Aegina<\/title>\n<meta name=\"description\" content=\"Discover the local gastronomy of Aegina island Greece by staying in Angelina Escape.From of our rich breakfast to our nearby Nontas fish restaurant\" \/>\n<meta name=\"robots\" content=\"index, follow, max-snippet:-1, max-image-preview:large, max-video-preview:-1\" \/>\n<link rel=\"canonical\" href=\"https:\/\/angelina-aegina.gr\/fr\/eat-drink\/\" \/>\n<meta property=\"og:locale\" content=\"fr_FR\" \/>\n<meta property=\"og:type\" content=\"article\" \/>\n<meta property=\"og:title\" content=\"Flavors - Gastronomy of Aegina island Greece - Food in Aegina\" \/>\n<meta property=\"og:description\" content=\"Discover the local gastronomy of Aegina island Greece by staying in Angelina Escape.From of our rich breakfast to our nearby Nontas fish restaurant\" \/>\n<meta property=\"og:url\" content=\"https:\/\/angelina-aegina.gr\/fr\/eat-drink\/\" \/>\n<meta property=\"og:site_name\" content=\"Angelina Your Boutique Escape | Aegina Island\" \/>\n<meta property=\"article:publisher\" content=\"https:\/\/www.facebook.com\/Aletro-Cottage-Houses-243669119442589\/\" \/>\n<meta property=\"article:modified_time\" content=\"2023-06-07T14:31:58+00:00\" \/>\n<meta property=\"og:image\" content=\"https:\/\/angelina-aegina.gr\/wp-content\/uploads\/2019\/05\/drz-antzi-studios_Q1A8387.jpg\" \/>\n\t<meta property=\"og:image:width\" content=\"1920\" \/>\n\t<meta property=\"og:image:height\" content=\"1280\" \/>\n\t<meta property=\"og:image:type\" content=\"image\/jpeg\" \/>\n<meta name=\"twitter:card\" content=\"summary_large_image\" \/>\n<meta name=\"twitter:site\" content=\"@AletroInfo\" \/>\n<script type=\"application\/ld+json\" class=\"yoast-schema-graph\">{\"@context\":\"https:\/\/schema.org\",\"@graph\":[{\"@type\":\"WebPage\",\"@id\":\"https:\/\/angelina-aegina.gr\/fr\/eat-drink\/\",\"url\":\"https:\/\/angelina-aegina.gr\/fr\/eat-drink\/\",\"name\":\"Flavors - Gastronomy of Aegina island Greece - Food in Aegina\",\"isPartOf\":{\"@id\":\"https:\/\/angelina-aegina.gr\/#website\"},\"primaryImageOfPage\":{\"@id\":\"https:\/\/angelina-aegina.gr\/fr\/eat-drink\/#primaryimage\"},\"image\":{\"@id\":\"https:\/\/angelina-aegina.gr\/fr\/eat-drink\/#primaryimage\"},\"thumbnailUrl\":\"https:\/\/angelina-aegina.gr\/wp-content\/uploads\/2019\/05\/drz-antzi-studios_Q1A8387.jpg\",\"datePublished\":\"2018-04-21T20:54:18+00:00\",\"dateModified\":\"2023-06-07T14:31:58+00:00\",\"description\":\"Discover the local gastronomy of Aegina island Greece by staying in Angelina Escape.From of our rich breakfast to our nearby Nontas fish restaurant\",\"breadcrumb\":{\"@id\":\"https:\/\/angelina-aegina.gr\/fr\/eat-drink\/#breadcrumb\"},\"inLanguage\":\"fr-FR\",\"potentialAction\":[{\"@type\":\"ReadAction\",\"target\":[\"https:\/\/angelina-aegina.gr\/fr\/eat-drink\/\"]}]},{\"@type\":\"ImageObject\",\"inLanguage\":\"fr-FR\",\"@id\":\"https:\/\/angelina-aegina.gr\/fr\/eat-drink\/#primaryimage\",\"url\":\"https:\/\/angelina-aegina.gr\/wp-content\/uploads\/2019\/05\/drz-antzi-studios_Q1A8387.jpg\",\"contentUrl\":\"https:\/\/angelina-aegina.gr\/wp-content\/uploads\/2019\/05\/drz-antzi-studios_Q1A8387.jpg\",\"width\":1920,\"height\":1280,\"caption\":\"Antzi Studios Aegina | Aegina\"},{\"@type\":\"BreadcrumbList\",\"@id\":\"https:\/\/angelina-aegina.gr\/fr\/eat-drink\/#breadcrumb\",\"itemListElement\":[{\"@type\":\"ListItem\",\"position\":1,\"name\":\"Home\",\"item\":\"https:\/\/angelina-aegina.gr\/fr\/\"},{\"@type\":\"ListItem\",\"position\":2,\"name\":\"Gastronomie\"}]},{\"@type\":\"WebSite\",\"@id\":\"https:\/\/angelina-aegina.gr\/#website\",\"url\":\"https:\/\/angelina-aegina.gr\/\",\"name\":\"Angelina Your Boutique Escape | Aegina Island\",\"description\":\"Aegina Island | Greece\",\"potentialAction\":[{\"@type\":\"SearchAction\",\"target\":{\"@type\":\"EntryPoint\",\"urlTemplate\":\"https:\/\/angelina-aegina.gr\/?s={search_term_string}\"},\"query-input\":{\"@type\":\"PropertyValueSpecification\",\"valueRequired\":true,\"valueName\":\"search_term_string\"}}],\"inLanguage\":\"fr-FR\"}]}<\/script>\n<!-- \/ Yoast SEO plugin. -->","yoast_head_json":{"title":"Flavors - Gastronomy of Aegina island Greece - Food in Aegina","description":"Discover the local gastronomy of Aegina island Greece by staying in Angelina Escape.From of our rich breakfast to our nearby Nontas fish restaurant","robots":{"index":"index","follow":"follow","max-snippet":"max-snippet:-1","max-image-preview":"max-image-preview:large","max-video-preview":"max-video-preview:-1"},"canonical":"https:\/\/angelina-aegina.gr\/fr\/eat-drink\/","og_locale":"fr_FR","og_type":"article","og_title":"Flavors - Gastronomy of Aegina island Greece - Food in Aegina","og_description":"Discover the local gastronomy of Aegina island Greece by staying in Angelina Escape.From of our rich breakfast to our nearby Nontas fish restaurant","og_url":"https:\/\/angelina-aegina.gr\/fr\/eat-drink\/","og_site_name":"Angelina Your Boutique Escape | Aegina Island","article_publisher":"https:\/\/www.facebook.com\/Aletro-Cottage-Houses-243669119442589\/","article_modified_time":"2023-06-07T14:31:58+00:00","og_image":[{"width":1920,"height":1280,"url":"https:\/\/angelina-aegina.gr\/wp-content\/uploads\/2019\/05\/drz-antzi-studios_Q1A8387.jpg","type":"image\/jpeg"}],"twitter_card":"summary_large_image","twitter_site":"@AletroInfo","schema":{"@context":"https:\/\/schema.org","@graph":[{"@type":"WebPage","@id":"https:\/\/angelina-aegina.gr\/fr\/eat-drink\/","url":"https:\/\/angelina-aegina.gr\/fr\/eat-drink\/","name":"Flavors - Gastronomy of Aegina island Greece - Food in Aegina","isPartOf":{"@id":"https:\/\/angelina-aegina.gr\/#website"},"primaryImageOfPage":{"@id":"https:\/\/angelina-aegina.gr\/fr\/eat-drink\/#primaryimage"},"image":{"@id":"https:\/\/angelina-aegina.gr\/fr\/eat-drink\/#primaryimage"},"thumbnailUrl":"https:\/\/angelina-aegina.gr\/wp-content\/uploads\/2019\/05\/drz-antzi-studios_Q1A8387.jpg","datePublished":"2018-04-21T20:54:18+00:00","dateModified":"2023-06-07T14:31:58+00:00","description":"Discover the local gastronomy of Aegina island Greece by staying in Angelina Escape.From of our rich breakfast to our nearby Nontas fish restaurant","breadcrumb":{"@id":"https:\/\/angelina-aegina.gr\/fr\/eat-drink\/#breadcrumb"},"inLanguage":"fr-FR","potentialAction":[{"@type":"ReadAction","target":["https:\/\/angelina-aegina.gr\/fr\/eat-drink\/"]}]},{"@type":"ImageObject","inLanguage":"fr-FR","@id":"https:\/\/angelina-aegina.gr\/fr\/eat-drink\/#primaryimage","url":"https:\/\/angelina-aegina.gr\/wp-content\/uploads\/2019\/05\/drz-antzi-studios_Q1A8387.jpg","contentUrl":"https:\/\/angelina-aegina.gr\/wp-content\/uploads\/2019\/05\/drz-antzi-studios_Q1A8387.jpg","width":1920,"height":1280,"caption":"Antzi Studios Aegina | Aegina"},{"@type":"BreadcrumbList","@id":"https:\/\/angelina-aegina.gr\/fr\/eat-drink\/#breadcrumb","itemListElement":[{"@type":"ListItem","position":1,"name":"Home","item":"https:\/\/angelina-aegina.gr\/fr\/"},{"@type":"ListItem","position":2,"name":"Gastronomie"}]},{"@type":"WebSite","@id":"https:\/\/angelina-aegina.gr\/#website","url":"https:\/\/angelina-aegina.gr\/","name":"Angelina Your Boutique Escape | Aegina Island","description":"Aegina Island | Greece","potentialAction":[{"@type":"SearchAction","target":{"@type":"EntryPoint","urlTemplate":"https:\/\/angelina-aegina.gr\/?s={search_term_string}"},"query-input":{"@type":"PropertyValueSpecification","valueRequired":true,"valueName":"search_term_string"}}],"inLanguage":"fr-FR"}]}},"_links":{"self":[{"href":"https:\/\/angelina-aegina.gr\/fr\/wp-json\/wp\/v2\/pages\/6028","targetHints":{"allow":["GET"]}}],"collection":[{"href":"https:\/\/angelina-aegina.gr\/fr\/wp-json\/wp\/v2\/pages"}],"about":[{"href":"https:\/\/angelina-aegina.gr\/fr\/wp-json\/wp\/v2\/types\/page"}],"author":[{"embeddable":true,"href":"https:\/\/angelina-aegina.gr\/fr\/wp-json\/wp\/v2\/users\/3"}],"replies":[{"embeddable":true,"href":"https:\/\/angelina-aegina.gr\/fr\/wp-json\/wp\/v2\/comments?post=6028"}],"version-history":[{"count":3,"href":"https:\/\/angelina-aegina.gr\/fr\/wp-json\/wp\/v2\/pages\/6028\/revisions"}],"predecessor-version":[{"id":7697,"href":"https:\/\/angelina-aegina.gr\/fr\/wp-json\/wp\/v2\/pages\/6028\/revisions\/7697"}],"wp:featuredmedia":[{"embeddable":true,"href":"https:\/\/angelina-aegina.gr\/fr\/wp-json\/wp\/v2\/media\/6641"}],"wp:attachment":[{"href":"https:\/\/angelina-aegina.gr\/fr\/wp-json\/wp\/v2\/media?parent=6028"}],"curies":[{"name":"wp","href":"https:\/\/api.w.org\/{rel}","templated":true}]}}