{"id":6029,"date":"2018-04-30T11:09:36","date_gmt":"2018-04-30T08:09:36","guid":{"rendered":"https:\/\/angelina-aegina.gr\/eat-drink\/cocktail-lounge\/"},"modified":"2023-06-07T17:42:15","modified_gmt":"2023-06-07T14:42:15","slug":"pool-bar","status":"publish","type":"page","link":"https:\/\/angelina-aegina.gr\/fr\/eat-drink\/pool-bar\/","title":{"rendered":"Bar \u00e0 cocktails"},"content":{"rendered":"<p>L\u2019endroit id\u00e9al o\u00f9 vous d\u00e9tendre aussi longtemps que vous le souhaiterez.<\/p>\n","protected":false},"excerpt":{"rendered":"<p>L\u2019endroit id\u00e9al o\u00f9 vous d\u00e9tendre aussi longtemps que vous le souhaiterez.<\/p>\n","protected":false},"author":3,"featured_media":6457,"parent":6028,"menu_order":0,"comment_status":"closed","ping_status":"closed","template":"template-greek-breakfast.php","meta":{"footnotes":""},"class_list":["post-6029","page","type-page","status-publish","has-post-thumbnail","hentry"],"yoast_head":"<!-- This site is optimized with the Yoast SEO plugin v24.9 - https:\/\/yoast.com\/wordpress\/plugins\/seo\/ -->\n<title>Pool bar - Angelina Aegina Escape - Aegina luxury<\/title>\n<meta name=\"description\" content=\"Enjoy unique moments of relaxation by our pool under the greek sun &amp; with access to our pool bar. Luxury stay in Aegina island &amp; Angelina Escape.\" \/>\n<meta name=\"robots\" content=\"index, follow, max-snippet:-1, max-image-preview:large, max-video-preview:-1\" \/>\n<link rel=\"canonical\" href=\"https:\/\/angelina-aegina.gr\/eat-drink\/pool-bar\/\" \/>\n<meta property=\"og:locale\" content=\"fr_FR\" \/>\n<meta property=\"og:type\" content=\"article\" \/>\n<meta property=\"og:title\" content=\"Pool bar - Angelina Aegina Escape - Aegina luxury\" \/>\n<meta property=\"og:description\" content=\"Enjoy unique moments of relaxation by our pool under the greek sun &amp; with access to our pool bar. Luxury stay in Aegina island &amp; Angelina Escape.\" \/>\n<meta property=\"og:url\" content=\"https:\/\/angelina-aegina.gr\/eat-drink\/pool-bar\/\" \/>\n<meta property=\"og:site_name\" content=\"Angelina Your Boutique Escape | Aegina Island\" \/>\n<meta property=\"article:publisher\" content=\"https:\/\/www.facebook.com\/Aletro-Cottage-Houses-243669119442589\/\" \/>\n<meta property=\"article:modified_time\" content=\"2023-06-07T14:42:15+00:00\" \/>\n<meta property=\"og:image\" content=\"https:\/\/angelina-aegina.gr\/wp-content\/uploads\/2019\/05\/drz-antzi-studios_Q1A8406-Copy.jpg\" \/>\n\t<meta property=\"og:image:width\" content=\"1600\" \/>\n\t<meta property=\"og:image:height\" content=\"1067\" \/>\n\t<meta property=\"og:image:type\" content=\"image\/jpeg\" \/>\n<meta name=\"twitter:card\" content=\"summary_large_image\" \/>\n<meta name=\"twitter:site\" content=\"@AletroInfo\" \/>\n<script type=\"application\/ld+json\" class=\"yoast-schema-graph\">{\"@context\":\"https:\/\/schema.org\",\"@graph\":[{\"@type\":\"WebPage\",\"@id\":\"https:\/\/angelina-aegina.gr\/eat-drink\/pool-bar\/\",\"url\":\"https:\/\/angelina-aegina.gr\/eat-drink\/pool-bar\/\",\"name\":\"Pool bar - Angelina Aegina Escape - Aegina luxury\",\"isPartOf\":{\"@id\":\"https:\/\/angelina-aegina.gr\/#website\"},\"primaryImageOfPage\":{\"@id\":\"https:\/\/angelina-aegina.gr\/eat-drink\/pool-bar\/#primaryimage\"},\"image\":{\"@id\":\"https:\/\/angelina-aegina.gr\/eat-drink\/pool-bar\/#primaryimage\"},\"thumbnailUrl\":\"https:\/\/angelina-aegina.gr\/wp-content\/uploads\/2019\/05\/drz-antzi-studios_Q1A8406-Copy.jpg\",\"datePublished\":\"2018-04-30T08:09:36+00:00\",\"dateModified\":\"2023-06-07T14:42:15+00:00\",\"description\":\"Enjoy unique moments of relaxation by our pool under the greek sun & with access to our pool bar. Luxury stay in Aegina island & Angelina Escape.\",\"breadcrumb\":{\"@id\":\"https:\/\/angelina-aegina.gr\/eat-drink\/pool-bar\/#breadcrumb\"},\"inLanguage\":\"fr-FR\",\"potentialAction\":[{\"@type\":\"ReadAction\",\"target\":[\"https:\/\/angelina-aegina.gr\/eat-drink\/pool-bar\/\"]}]},{\"@type\":\"ImageObject\",\"inLanguage\":\"fr-FR\",\"@id\":\"https:\/\/angelina-aegina.gr\/eat-drink\/pool-bar\/#primaryimage\",\"url\":\"https:\/\/angelina-aegina.gr\/wp-content\/uploads\/2019\/05\/drz-antzi-studios_Q1A8406-Copy.jpg\",\"contentUrl\":\"https:\/\/angelina-aegina.gr\/wp-content\/uploads\/2019\/05\/drz-antzi-studios_Q1A8406-Copy.jpg\",\"width\":1600,\"height\":1067,\"caption\":\"Antzi Studios Aegina | Aegina\"},{\"@type\":\"BreadcrumbList\",\"@id\":\"https:\/\/angelina-aegina.gr\/eat-drink\/pool-bar\/#breadcrumb\",\"itemListElement\":[{\"@type\":\"ListItem\",\"position\":1,\"name\":\"Home\",\"item\":\"https:\/\/angelina-aegina.gr\/fr\/\"},{\"@type\":\"ListItem\",\"position\":2,\"name\":\"Gastronomie\",\"item\":\"https:\/\/angelina-aegina.gr\/fr\/eat-drink\/\"},{\"@type\":\"ListItem\",\"position\":3,\"name\":\"Bar \u00e0 cocktails\"}]},{\"@type\":\"WebSite\",\"@id\":\"https:\/\/angelina-aegina.gr\/#website\",\"url\":\"https:\/\/angelina-aegina.gr\/\",\"name\":\"Angelina Your Boutique Escape | Aegina Island\",\"description\":\"Aegina Island | Greece\",\"potentialAction\":[{\"@type\":\"SearchAction\",\"target\":{\"@type\":\"EntryPoint\",\"urlTemplate\":\"https:\/\/angelina-aegina.gr\/?s={search_term_string}\"},\"query-input\":{\"@type\":\"PropertyValueSpecification\",\"valueRequired\":true,\"valueName\":\"search_term_string\"}}],\"inLanguage\":\"fr-FR\"}]}<\/script>\n<!-- \/ Yoast SEO plugin. -->","yoast_head_json":{"title":"Pool bar - Angelina Aegina Escape - Aegina luxury","description":"Enjoy unique moments of relaxation by our pool under the greek sun & with access to our pool bar. Luxury stay in Aegina island & Angelina Escape.","robots":{"index":"index","follow":"follow","max-snippet":"max-snippet:-1","max-image-preview":"max-image-preview:large","max-video-preview":"max-video-preview:-1"},"canonical":"https:\/\/angelina-aegina.gr\/eat-drink\/pool-bar\/","og_locale":"fr_FR","og_type":"article","og_title":"Pool bar - Angelina Aegina Escape - Aegina luxury","og_description":"Enjoy unique moments of relaxation by our pool under the greek sun & with access to our pool bar. Luxury stay in Aegina island & Angelina Escape.","og_url":"https:\/\/angelina-aegina.gr\/eat-drink\/pool-bar\/","og_site_name":"Angelina Your Boutique Escape | Aegina Island","article_publisher":"https:\/\/www.facebook.com\/Aletro-Cottage-Houses-243669119442589\/","article_modified_time":"2023-06-07T14:42:15+00:00","og_image":[{"width":1600,"height":1067,"url":"https:\/\/angelina-aegina.gr\/wp-content\/uploads\/2019\/05\/drz-antzi-studios_Q1A8406-Copy.jpg","type":"image\/jpeg"}],"twitter_card":"summary_large_image","twitter_site":"@AletroInfo","schema":{"@context":"https:\/\/schema.org","@graph":[{"@type":"WebPage","@id":"https:\/\/angelina-aegina.gr\/eat-drink\/pool-bar\/","url":"https:\/\/angelina-aegina.gr\/eat-drink\/pool-bar\/","name":"Pool bar - Angelina Aegina Escape - Aegina luxury","isPartOf":{"@id":"https:\/\/angelina-aegina.gr\/#website"},"primaryImageOfPage":{"@id":"https:\/\/angelina-aegina.gr\/eat-drink\/pool-bar\/#primaryimage"},"image":{"@id":"https:\/\/angelina-aegina.gr\/eat-drink\/pool-bar\/#primaryimage"},"thumbnailUrl":"https:\/\/angelina-aegina.gr\/wp-content\/uploads\/2019\/05\/drz-antzi-studios_Q1A8406-Copy.jpg","datePublished":"2018-04-30T08:09:36+00:00","dateModified":"2023-06-07T14:42:15+00:00","description":"Enjoy unique moments of relaxation by our pool under the greek sun & with access to our pool bar. Luxury stay in Aegina island & Angelina Escape.","breadcrumb":{"@id":"https:\/\/angelina-aegina.gr\/eat-drink\/pool-bar\/#breadcrumb"},"inLanguage":"fr-FR","potentialAction":[{"@type":"ReadAction","target":["https:\/\/angelina-aegina.gr\/eat-drink\/pool-bar\/"]}]},{"@type":"ImageObject","inLanguage":"fr-FR","@id":"https:\/\/angelina-aegina.gr\/eat-drink\/pool-bar\/#primaryimage","url":"https:\/\/angelina-aegina.gr\/wp-content\/uploads\/2019\/05\/drz-antzi-studios_Q1A8406-Copy.jpg","contentUrl":"https:\/\/angelina-aegina.gr\/wp-content\/uploads\/2019\/05\/drz-antzi-studios_Q1A8406-Copy.jpg","width":1600,"height":1067,"caption":"Antzi Studios Aegina | Aegina"},{"@type":"BreadcrumbList","@id":"https:\/\/angelina-aegina.gr\/eat-drink\/pool-bar\/#breadcrumb","itemListElement":[{"@type":"ListItem","position":1,"name":"Home","item":"https:\/\/angelina-aegina.gr\/fr\/"},{"@type":"ListItem","position":2,"name":"Gastronomie","item":"https:\/\/angelina-aegina.gr\/fr\/eat-drink\/"},{"@type":"ListItem","position":3,"name":"Bar \u00e0 cocktails"}]},{"@type":"WebSite","@id":"https:\/\/angelina-aegina.gr\/#website","url":"https:\/\/angelina-aegina.gr\/","name":"Angelina Your Boutique Escape | Aegina Island","description":"Aegina Island | Greece","potentialAction":[{"@type":"SearchAction","target":{"@type":"EntryPoint","urlTemplate":"https:\/\/angelina-aegina.gr\/?s={search_term_string}"},"query-input":{"@type":"PropertyValueSpecification","valueRequired":true,"valueName":"search_term_string"}}],"inLanguage":"fr-FR"}]}},"_links":{"self":[{"href":"https:\/\/angelina-aegina.gr\/fr\/wp-json\/wp\/v2\/pages\/6029","targetHints":{"allow":["GET"]}}],"collection":[{"href":"https:\/\/angelina-aegina.gr\/fr\/wp-json\/wp\/v2\/pages"}],"about":[{"href":"https:\/\/angelina-aegina.gr\/fr\/wp-json\/wp\/v2\/types\/page"}],"author":[{"embeddable":true,"href":"https:\/\/angelina-aegina.gr\/fr\/wp-json\/wp\/v2\/users\/3"}],"replies":[{"embeddable":true,"href":"https:\/\/angelina-aegina.gr\/fr\/wp-json\/wp\/v2\/comments?post=6029"}],"version-history":[{"count":3,"href":"https:\/\/angelina-aegina.gr\/fr\/wp-json\/wp\/v2\/pages\/6029\/revisions"}],"predecessor-version":[{"id":7494,"href":"https:\/\/angelina-aegina.gr\/fr\/wp-json\/wp\/v2\/pages\/6029\/revisions\/7494"}],"up":[{"embeddable":true,"href":"https:\/\/angelina-aegina.gr\/fr\/wp-json\/wp\/v2\/pages\/6028"}],"wp:featuredmedia":[{"embeddable":true,"href":"https:\/\/angelina-aegina.gr\/fr\/wp-json\/wp\/v2\/media\/6457"}],"wp:attachment":[{"href":"https:\/\/angelina-aegina.gr\/fr\/wp-json\/wp\/v2\/media?parent=6029"}],"curies":[{"name":"wp","href":"https:\/\/api.w.org\/{rel}","templated":true}]}}