{"id":6037,"date":"2018-04-30T11:08:12","date_gmt":"2018-04-30T08:08:12","guid":{"rendered":"https:\/\/angelina-aegina.gr\/eat-drink\/restaurant\/"},"modified":"2019-02-14T13:18:41","modified_gmt":"2019-02-14T11:18:41","slug":"restaurant","status":"publish","type":"page","link":"https:\/\/angelina-aegina.gr\/fr\/eat-drink\/restaurant\/","title":{"rendered":"Restaurant"},"content":{"rendered":"<p>Happy Cretan s&rsquo;est forg\u00e9 une r\u00e9putation pour son savoir-faire culinaire gr\u00e2ce \u00e0 son chef talentueux, sa cuisine inventive et la vari\u00e9t\u00e9 de ses restaurants.<\/p>\n<p>Les clients de Happy Cretan ont le choix parmi une grande vari\u00e9t\u00e9 de restaurants.<\/p>\n<p>Un d\u00eener romantique au bord de la piscine vous permettra de d\u00e9couvrir la c\u00e9l\u00e8bre culture gastronomique cr\u00e9toise, tout en profitant des magnifiques couchers de soleil.<\/p>\n<p>Chaque restaurant se distingue \u00e9galement par ses espaces int\u00e9rieurs inspir\u00e9s de l&rsquo;architecture \u00e9g\u00e9enne.<\/p>\n<p>Le noyau de l&rsquo;alimentation se compose d&rsquo;aliments d&rsquo;origine v\u00e9g\u00e9tale, tandis que les aliments d&rsquo;origine animale sont plus de nature r\u00e9gionale.<\/p>\n<p>Les plats sont g\u00e9n\u00e9ralement pr\u00e9par\u00e9s \u00e0 partir de produits saisonniers de la r\u00e9gion qui n&rsquo;ont subi qu&rsquo;une transformation minimale, voire aucune.<\/p>\n<p>La cuisine traditionnelle cr\u00e9toise \u00e9tait tr\u00e8s r\u00e9pandue sur l&rsquo;\u00eele jusqu&rsquo;aux ann\u00e9es 1960. <\/p>\n<p>Avec l&rsquo;am\u00e9lioration du niveau de vie, les habitudes alimentaires ont \u00e9volu\u00e9 avec une augmentation de la consommation de viande et autres produits d\u00e9riv\u00e9s d&rsquo;animaux.<\/p>\n<p>Le menu du Happy Cretan propose toute une gamme de recettes traditionnelles, avec une touche de cr\u00e9ativit\u00e9 et de modernit\u00e9, \u00e0 base de produits locaux de qualit\u00e9 sup\u00e9rieure.<\/p>\n<p>Il s&rsquo;agit d&rsquo;une cuisine contemporaine et originale, accompagn\u00e9e d&rsquo;une s\u00e9lection de vins s\u00e9lectionn\u00e9s avec le plus grand soin.<\/p>\n","protected":false},"excerpt":{"rendered":"<p>Happy Cretan s&rsquo;est forg\u00e9 une r\u00e9putation pour son savoir-faire culinaire gr\u00e2ce \u00e0 son chef talentueux, sa cuisine inventive et la vari\u00e9t\u00e9 de ses restaurants. Les clients de Happy Cretan ont &#8230;<\/p>\n","protected":false},"author":3,"featured_media":6401,"parent":6028,"menu_order":0,"comment_status":"closed","ping_status":"closed","template":"template-greek-breakfast.php","meta":{"footnotes":""},"class_list":["post-6037","page","type-page","status-publish","has-post-thumbnail","hentry"],"yoast_head":"<!-- This site is optimized with the Yoast SEO plugin v24.9 - https:\/\/yoast.com\/wordpress\/plugins\/seo\/ -->\n<title>Restaurant Cr\u00e8te Gr\u00e8ce - Happy Cretan Suites Restaurant Cr\u00e8te<\/title>\n<meta name=\"description\" content=\"Les clients de Happy Cretan ont le choix parmi une grande vari\u00e9t\u00e9 de restaurants. H\u00f4tel avec restaurant Cr\u00e8te Gr\u00e8ce. savoir-faire culinaire\" \/>\n<meta name=\"robots\" content=\"index, follow, max-snippet:-1, max-image-preview:large, max-video-preview:-1\" \/>\n<link rel=\"canonical\" href=\"https:\/\/angelina-aegina.gr\/eat-drink\/restaurant\/\" \/>\n<meta property=\"og:locale\" content=\"fr_FR\" \/>\n<meta property=\"og:type\" content=\"article\" \/>\n<meta property=\"og:title\" content=\"Restaurant Cr\u00e8te Gr\u00e8ce - Happy Cretan Suites Restaurant Cr\u00e8te\" \/>\n<meta property=\"og:description\" content=\"Les clients de Happy Cretan ont le choix parmi une grande vari\u00e9t\u00e9 de restaurants. H\u00f4tel avec restaurant Cr\u00e8te Gr\u00e8ce. savoir-faire culinaire\" \/>\n<meta property=\"og:url\" content=\"https:\/\/angelina-aegina.gr\/eat-drink\/restaurant\/\" \/>\n<meta property=\"og:site_name\" content=\"Angelina Your Boutique Escape | Aegina Island\" \/>\n<meta property=\"article:publisher\" content=\"https:\/\/www.facebook.com\/Aletro-Cottage-Houses-243669119442589\/\" \/>\n<meta property=\"article:modified_time\" content=\"2019-02-14T11:18:41+00:00\" \/>\n<meta property=\"og:image\" content=\"https:\/\/angelina-aegina.gr\/wp-content\/uploads\/2019\/05\/drz-antzi-studios_Q1A8336-Copy.jpg\" \/>\n\t<meta property=\"og:image:width\" content=\"1600\" \/>\n\t<meta property=\"og:image:height\" content=\"1067\" \/>\n\t<meta property=\"og:image:type\" content=\"image\/jpeg\" \/>\n<meta name=\"twitter:card\" content=\"summary_large_image\" \/>\n<meta name=\"twitter:site\" content=\"@AletroInfo\" \/>\n<meta name=\"twitter:label1\" content=\"Dur\u00e9e de lecture estim\u00e9e\" \/>\n\t<meta name=\"twitter:data1\" content=\"1 minute\" \/>\n<script type=\"application\/ld+json\" class=\"yoast-schema-graph\">{\"@context\":\"https:\/\/schema.org\",\"@graph\":[{\"@type\":\"WebPage\",\"@id\":\"https:\/\/angelina-aegina.gr\/eat-drink\/restaurant\/\",\"url\":\"https:\/\/angelina-aegina.gr\/eat-drink\/restaurant\/\",\"name\":\"Restaurant Cr\u00e8te Gr\u00e8ce - Happy Cretan Suites Restaurant Cr\u00e8te\",\"isPartOf\":{\"@id\":\"https:\/\/angelina-aegina.gr\/#website\"},\"primaryImageOfPage\":{\"@id\":\"https:\/\/angelina-aegina.gr\/eat-drink\/restaurant\/#primaryimage\"},\"image\":{\"@id\":\"https:\/\/angelina-aegina.gr\/eat-drink\/restaurant\/#primaryimage\"},\"thumbnailUrl\":\"https:\/\/angelina-aegina.gr\/wp-content\/uploads\/2019\/05\/drz-antzi-studios_Q1A8336-Copy.jpg\",\"datePublished\":\"2018-04-30T08:08:12+00:00\",\"dateModified\":\"2019-02-14T11:18:41+00:00\",\"description\":\"Les clients de Happy Cretan ont le choix parmi une grande vari\u00e9t\u00e9 de restaurants. H\u00f4tel avec restaurant Cr\u00e8te Gr\u00e8ce. savoir-faire culinaire\",\"breadcrumb\":{\"@id\":\"https:\/\/angelina-aegina.gr\/eat-drink\/restaurant\/#breadcrumb\"},\"inLanguage\":\"fr-FR\",\"potentialAction\":[{\"@type\":\"ReadAction\",\"target\":[\"https:\/\/angelina-aegina.gr\/eat-drink\/restaurant\/\"]}]},{\"@type\":\"ImageObject\",\"inLanguage\":\"fr-FR\",\"@id\":\"https:\/\/angelina-aegina.gr\/eat-drink\/restaurant\/#primaryimage\",\"url\":\"https:\/\/angelina-aegina.gr\/wp-content\/uploads\/2019\/05\/drz-antzi-studios_Q1A8336-Copy.jpg\",\"contentUrl\":\"https:\/\/angelina-aegina.gr\/wp-content\/uploads\/2019\/05\/drz-antzi-studios_Q1A8336-Copy.jpg\",\"width\":1600,\"height\":1067,\"caption\":\"Antzi Studios Aegina | Aegina\"},{\"@type\":\"BreadcrumbList\",\"@id\":\"https:\/\/angelina-aegina.gr\/eat-drink\/restaurant\/#breadcrumb\",\"itemListElement\":[{\"@type\":\"ListItem\",\"position\":1,\"name\":\"Home\",\"item\":\"https:\/\/angelina-aegina.gr\/fr\/\"},{\"@type\":\"ListItem\",\"position\":2,\"name\":\"Gastronomie\",\"item\":\"https:\/\/angelina-aegina.gr\/fr\/eat-drink\/\"},{\"@type\":\"ListItem\",\"position\":3,\"name\":\"Restaurant\"}]},{\"@type\":\"WebSite\",\"@id\":\"https:\/\/angelina-aegina.gr\/#website\",\"url\":\"https:\/\/angelina-aegina.gr\/\",\"name\":\"Angelina Your Boutique Escape | Aegina Island\",\"description\":\"Aegina Island | Greece\",\"potentialAction\":[{\"@type\":\"SearchAction\",\"target\":{\"@type\":\"EntryPoint\",\"urlTemplate\":\"https:\/\/angelina-aegina.gr\/?s={search_term_string}\"},\"query-input\":{\"@type\":\"PropertyValueSpecification\",\"valueRequired\":true,\"valueName\":\"search_term_string\"}}],\"inLanguage\":\"fr-FR\"}]}<\/script>\n<!-- \/ Yoast SEO plugin. -->","yoast_head_json":{"title":"Restaurant Cr\u00e8te Gr\u00e8ce - Happy Cretan Suites Restaurant Cr\u00e8te","description":"Les clients de Happy Cretan ont le choix parmi une grande vari\u00e9t\u00e9 de restaurants. H\u00f4tel avec restaurant Cr\u00e8te Gr\u00e8ce. savoir-faire culinaire","robots":{"index":"index","follow":"follow","max-snippet":"max-snippet:-1","max-image-preview":"max-image-preview:large","max-video-preview":"max-video-preview:-1"},"canonical":"https:\/\/angelina-aegina.gr\/eat-drink\/restaurant\/","og_locale":"fr_FR","og_type":"article","og_title":"Restaurant Cr\u00e8te Gr\u00e8ce - Happy Cretan Suites Restaurant Cr\u00e8te","og_description":"Les clients de Happy Cretan ont le choix parmi une grande vari\u00e9t\u00e9 de restaurants. H\u00f4tel avec restaurant Cr\u00e8te Gr\u00e8ce. savoir-faire culinaire","og_url":"https:\/\/angelina-aegina.gr\/eat-drink\/restaurant\/","og_site_name":"Angelina Your Boutique Escape | Aegina Island","article_publisher":"https:\/\/www.facebook.com\/Aletro-Cottage-Houses-243669119442589\/","article_modified_time":"2019-02-14T11:18:41+00:00","og_image":[{"width":1600,"height":1067,"url":"https:\/\/angelina-aegina.gr\/wp-content\/uploads\/2019\/05\/drz-antzi-studios_Q1A8336-Copy.jpg","type":"image\/jpeg"}],"twitter_card":"summary_large_image","twitter_site":"@AletroInfo","twitter_misc":{"Dur\u00e9e de lecture estim\u00e9e":"1 minute"},"schema":{"@context":"https:\/\/schema.org","@graph":[{"@type":"WebPage","@id":"https:\/\/angelina-aegina.gr\/eat-drink\/restaurant\/","url":"https:\/\/angelina-aegina.gr\/eat-drink\/restaurant\/","name":"Restaurant Cr\u00e8te Gr\u00e8ce - Happy Cretan Suites Restaurant Cr\u00e8te","isPartOf":{"@id":"https:\/\/angelina-aegina.gr\/#website"},"primaryImageOfPage":{"@id":"https:\/\/angelina-aegina.gr\/eat-drink\/restaurant\/#primaryimage"},"image":{"@id":"https:\/\/angelina-aegina.gr\/eat-drink\/restaurant\/#primaryimage"},"thumbnailUrl":"https:\/\/angelina-aegina.gr\/wp-content\/uploads\/2019\/05\/drz-antzi-studios_Q1A8336-Copy.jpg","datePublished":"2018-04-30T08:08:12+00:00","dateModified":"2019-02-14T11:18:41+00:00","description":"Les clients de Happy Cretan ont le choix parmi une grande vari\u00e9t\u00e9 de restaurants. H\u00f4tel avec restaurant Cr\u00e8te Gr\u00e8ce. savoir-faire culinaire","breadcrumb":{"@id":"https:\/\/angelina-aegina.gr\/eat-drink\/restaurant\/#breadcrumb"},"inLanguage":"fr-FR","potentialAction":[{"@type":"ReadAction","target":["https:\/\/angelina-aegina.gr\/eat-drink\/restaurant\/"]}]},{"@type":"ImageObject","inLanguage":"fr-FR","@id":"https:\/\/angelina-aegina.gr\/eat-drink\/restaurant\/#primaryimage","url":"https:\/\/angelina-aegina.gr\/wp-content\/uploads\/2019\/05\/drz-antzi-studios_Q1A8336-Copy.jpg","contentUrl":"https:\/\/angelina-aegina.gr\/wp-content\/uploads\/2019\/05\/drz-antzi-studios_Q1A8336-Copy.jpg","width":1600,"height":1067,"caption":"Antzi Studios Aegina | Aegina"},{"@type":"BreadcrumbList","@id":"https:\/\/angelina-aegina.gr\/eat-drink\/restaurant\/#breadcrumb","itemListElement":[{"@type":"ListItem","position":1,"name":"Home","item":"https:\/\/angelina-aegina.gr\/fr\/"},{"@type":"ListItem","position":2,"name":"Gastronomie","item":"https:\/\/angelina-aegina.gr\/fr\/eat-drink\/"},{"@type":"ListItem","position":3,"name":"Restaurant"}]},{"@type":"WebSite","@id":"https:\/\/angelina-aegina.gr\/#website","url":"https:\/\/angelina-aegina.gr\/","name":"Angelina Your Boutique Escape | Aegina Island","description":"Aegina Island | Greece","potentialAction":[{"@type":"SearchAction","target":{"@type":"EntryPoint","urlTemplate":"https:\/\/angelina-aegina.gr\/?s={search_term_string}"},"query-input":{"@type":"PropertyValueSpecification","valueRequired":true,"valueName":"search_term_string"}}],"inLanguage":"fr-FR"}]}},"_links":{"self":[{"href":"https:\/\/angelina-aegina.gr\/fr\/wp-json\/wp\/v2\/pages\/6037","targetHints":{"allow":["GET"]}}],"collection":[{"href":"https:\/\/angelina-aegina.gr\/fr\/wp-json\/wp\/v2\/pages"}],"about":[{"href":"https:\/\/angelina-aegina.gr\/fr\/wp-json\/wp\/v2\/types\/page"}],"author":[{"embeddable":true,"href":"https:\/\/angelina-aegina.gr\/fr\/wp-json\/wp\/v2\/users\/3"}],"replies":[{"embeddable":true,"href":"https:\/\/angelina-aegina.gr\/fr\/wp-json\/wp\/v2\/comments?post=6037"}],"version-history":[{"count":0,"href":"https:\/\/angelina-aegina.gr\/fr\/wp-json\/wp\/v2\/pages\/6037\/revisions"}],"up":[{"embeddable":true,"href":"https:\/\/angelina-aegina.gr\/fr\/wp-json\/wp\/v2\/pages\/6028"}],"wp:featuredmedia":[{"embeddable":true,"href":"https:\/\/angelina-aegina.gr\/fr\/wp-json\/wp\/v2\/media\/6401"}],"wp:attachment":[{"href":"https:\/\/angelina-aegina.gr\/fr\/wp-json\/wp\/v2\/media?parent=6037"}],"curies":[{"name":"wp","href":"https:\/\/api.w.org\/{rel}","templated":true}]}}